{"id":2175,"date":"2025-09-08T10:54:05","date_gmt":"2025-09-08T10:54:05","guid":{"rendered":"https:\/\/www.nimco.hr\/contact\/"},"modified":"2025-11-26T08:00:38","modified_gmt":"2025-11-26T08:00:38","slug":"contact","status":"publish","type":"page","link":"https:\/\/www.nimco.hr\/en\/contact\/","title":{"rendered":"Contact"},"content":{"rendered":"\t\t<div data-elementor-type=\"wp-page\" data-elementor-id=\"2175\" class=\"elementor elementor-2175 elementor-436\" data-elementor-post-type=\"page\">\n\t\t\t\t<div class=\"elementor-element elementor-element-e3d5431 e-flex e-con-boxed e-con e-parent\" data-id=\"e3d5431\" data-element_type=\"container\" data-e-type=\"container\" data-settings=\"{&quot;background_background&quot;:&quot;classic&quot;}\">\n\t\t\t\t\t<div class=\"e-con-inner\">\n\t\t<div class=\"elementor-element elementor-element-77dca17 e-con-full e-flex e-con e-child\" data-id=\"77dca17\" data-element_type=\"container\" data-e-type=\"container\" data-settings=\"{&quot;background_background&quot;:&quot;classic&quot;}\">\n\t\t\t\t<div class=\"elementor-element elementor-element-e9b5e8f elementor-widget elementor-widget-heading\" data-id=\"e9b5e8f\" data-element_type=\"widget\" data-e-type=\"widget\" data-widget_type=\"heading.default\">\n\t\t\t\t\t<h1 class=\"elementor-heading-title elementor-size-default\">Contact<\/h1>\t\t\t\t<\/div>\n\t\t\t\t<\/div>\n\t\t\t\t\t<\/div>\n\t\t\t\t<\/div>\n\t\t<div class=\"elementor-element elementor-element-e7b1756 e-flex e-con-boxed e-con e-parent\" data-id=\"e7b1756\" data-element_type=\"container\" data-e-type=\"container\">\n\t\t\t\t\t<div class=\"e-con-inner\">\n\t\t<div class=\"elementor-element elementor-element-923b2d1 e-grid e-con-full elementor-invisible e-con e-child\" data-id=\"923b2d1\" data-element_type=\"container\" data-e-type=\"container\" data-settings=\"{&quot;animation&quot;:&quot;fadeInUp&quot;}\">\n\t\t\t\t<div class=\"elementor-element elementor-element-b264df3 elementor-position-inline-start elementor-view-default elementor-mobile-position-block-start elementor-widget elementor-widget-icon-box\" data-id=\"b264df3\" data-element_type=\"widget\" data-e-type=\"widget\" data-widget_type=\"icon-box.default\">\n\t\t\t\t\t\t\t<div class=\"elementor-icon-box-wrapper\">\n\n\t\t\t\t\t\t<div class=\"elementor-icon-box-icon\">\n\t\t\t\t<span  class=\"elementor-icon\">\n\t\t\t\t<svg xmlns=\"http:\/\/www.w3.org\/2000\/svg\" id=\"Layer_1\" height=\"512\" viewBox=\"0 0 91 91\" width=\"512\" data-name=\"Layer 1\"><g fill=\"rgb(0,0,0)\"><circle cx=\"62.1\" cy=\"67.74\" r=\"1.75\"><\/circle><path d=\"m90.23 29-10.1-18.18v-7.11a1.75 1.75 0 0 0 -1.75-1.71h-66.89a1.75 1.75 0 0 0 -1.75 1.71v8.35l-8.87 16.94a1.73 1.73 0 0 0 -.2.81v57.39a1.75 1.75 0 0 0 1.75 1.8h78.17a9.87 9.87 0 0 0 9.86-9.86v-49.33a1.79 1.79 0 0 0 -.22-.81zm-3.23 3.36a9 9 0 0 1 -17.82.53h10.46a1.75 1.75 0 0 0 0-3.5h-10.8a1.24 1.24 0 0 0 -.33 0l-4.91-16.39h13.75l9.65 17.26zm-73.73-3h-8.65l8.57-16.36h14.42l-5.27 17.64s0 .05 0 .07v.18a1.1 1.1 0 0 0 0 .18v.07a9 9 0 0 1 -17.99 1.75h8.87a1.75 1.75 0 0 0 0-3.5zm22.14 0h-9l4.86-16.36h12.59v18.14a9 9 0 0 1 -17.92 1.75h9.42a1.75 1.75 0 0 0 0-3.5zm22.14 0h-10.19v-16.36h12.58l5.5 18.35a9 9 0 0 1 -17.91 1.51h10a1.75 1.75 0 0 0 0-3.5zm-44.31-23.9h63.39v4.07h-63.39zm67.35 80h-25.8v-30.63h19.74v23a1.75 1.75 0 0 0 3.5 0v-24.75a1.75 1.75 0 0 0 -1.75-1.75h-23.28a1.75 1.75 0 0 0 -1.75 1.75v32.37h-47.08v-45.63a12.52 12.52 0 0 0 19.83-2.32 12.51 12.51 0 0 0 21.59 0 12.51 12.51 0 0 0 21.59 0 12.51 12.51 0 0 0 19.82 2.42v39.17a6.36 6.36 0 0 1 -6.41 6.36z\"><\/path><path d=\"m26.64 53.8a1.73 1.73 0 0 0 -2.47 0l-12.17 12.13a1.75 1.75 0 0 0 2.47 2.48l12.17-12.14a1.75 1.75 0 0 0 0-2.47z\"><\/path><path d=\"m41.84 52.9-23.74 23.74a1.75 1.75 0 0 0 1.24 3 1.73 1.73 0 0 0 1.23-.51l23.75-23.75a1.75 1.75 0 0 0 -2.48-2.48z\"><\/path><\/g><\/svg>\t\t\t\t<\/span>\n\t\t\t<\/div>\n\t\t\t\n\t\t\t\t\t\t<div class=\"elementor-icon-box-content\">\n\n\t\t\t\t\t\t\t\t\t<h3 class=\"elementor-icon-box-title\">\n\t\t\t\t\t\t<span  >\n\t\t\t\t\t\t\tHeadquarters\t\t\t\t\t\t<\/span>\n\t\t\t\t\t<\/h3>\n\t\t\t\t\n\t\t\t\t\t\t\t\t\t<p class=\"elementor-icon-box-description\">\n\t\t\t\t\t\t<a href=\"https:\/\/maps.app.goo.gl\/nffszBzeArUkDnSXA\">\u0160portska 1, 10437 Bestovje, HR - Croatia<\/a>\r\n\t\t\t\t\t<\/p>\n\t\t\t\t\n\t\t\t<\/div>\n\t\t\t\n\t\t<\/div>\n\t\t\t\t\t\t<\/div>\n\t\t\t\t<div class=\"elementor-element elementor-element-60fa0e8 elementor-position-inline-start elementor-view-default elementor-mobile-position-block-start elementor-widget elementor-widget-icon-box\" data-id=\"60fa0e8\" data-element_type=\"widget\" data-e-type=\"widget\" data-widget_type=\"icon-box.default\">\n\t\t\t\t\t\t\t<div class=\"elementor-icon-box-wrapper\">\n\n\t\t\t\t\t\t<div class=\"elementor-icon-box-icon\">\n\t\t\t\t<span  class=\"elementor-icon\">\n\t\t\t\t<svg xmlns=\"http:\/\/www.w3.org\/2000\/svg\" id=\"a\" height=\"512\" viewBox=\"0 0 91 91\" width=\"512\"><path d=\"m80.41 78.37h-77.92c-.83 0-1.5-.67-1.5-1.5v-62.72c0-.83.67-1.5 1.5-1.5h86c.83 0 1.5.67 1.5 1.5v54.64c0 5.28-4.3 9.58-9.58 9.58zm-76.42-3h76.42c3.63 0 6.58-2.95 6.58-6.58v-53.14h-83z\"><\/path><path d=\"m45.49 51.07c-.34 0-.68-.11-.95-.34l-43-35.43c-.49-.4-.67-1.07-.46-1.66.21-.6.78-.99 1.41-.99h86c.63 0 1.2.4 1.41.99.21.6.03 1.26-.46 1.66l-42.99 35.43c-.28.23-.62.34-.95.34zm-38.82-35.42 38.82 31.98 38.82-31.98z\"><\/path><path d=\"m2.49 78.37c-.38 0-.77-.15-1.06-.44-.59-.59-.59-1.54 0-2.12l33.07-33.07c.59-.59 1.54-.59 2.12 0s.59 1.54 0 2.12l-33.07 33.07c-.29.29-.68.44-1.06.44z\"><\/path><path d=\"m86.54 75.47c-.38 0-.77-.15-1.06-.44l-31.46-31.46c-.59-.59-.59-1.54 0-2.12s1.54-.59 2.12 0l31.46 31.46c.59.59.59 1.54 0 2.12-.29.29-.68.44-1.06.44z\"><\/path><\/svg>\t\t\t\t<\/span>\n\t\t\t<\/div>\n\t\t\t\n\t\t\t\t\t\t<div class=\"elementor-icon-box-content\">\n\n\t\t\t\t\t\t\t\t\t<h3 class=\"elementor-icon-box-title\">\n\t\t\t\t\t\t<span  >\n\t\t\t\t\t\t\tEmail\t\t\t\t\t\t<\/span>\n\t\t\t\t\t<\/h3>\n\t\t\t\t\n\t\t\t\t\t\t\t\t\t<p class=\"elementor-icon-box-description\">\n\t\t\t\t\t\t<a href=\"mailto:prodaja@dalmatino.com\">prodaja@dalmatino.com<\/a>\r\n\t\t\t\t\t<\/p>\n\t\t\t\t\n\t\t\t<\/div>\n\t\t\t\n\t\t<\/div>\n\t\t\t\t\t\t<\/div>\n\t\t\t\t<div class=\"elementor-element elementor-element-7a824b5 elementor-position-inline-start elementor-view-default elementor-mobile-position-block-start elementor-widget elementor-widget-icon-box\" data-id=\"7a824b5\" data-element_type=\"widget\" data-e-type=\"widget\" data-widget_type=\"icon-box.default\">\n\t\t\t\t\t\t\t<div class=\"elementor-icon-box-wrapper\">\n\n\t\t\t\t\t\t<div class=\"elementor-icon-box-icon\">\n\t\t\t\t<span  class=\"elementor-icon\">\n\t\t\t\t<svg xmlns=\"http:\/\/www.w3.org\/2000\/svg\" id=\"a\" height=\"512\" viewBox=\"0 0 91 91\" width=\"512\"><path d=\"m28.4 35.07c-.44 0-.87-.19-1.17-.56l-4.32-5.34c-.52-.64-.42-1.59.22-2.11s1.59-.42 2.11.22l4.32 5.34c.52.64.42 1.59-.22 2.11-.28.22-.61.33-.94.33z\"><\/path><path d=\"m64.48 68.73c-.3 0-.6-.09-.86-.27l-6.48-4.57c-.68-.48-.84-1.41-.36-2.09s1.41-.84 2.09-.36l6.48 4.57c.68.48.84 1.41.36 2.09-.29.41-.76.64-1.23.64z\"><\/path><path d=\"m71.12 90.02c-.08 0-.17 0-.25 0-3.35-.11-7.18-1.98-9.81-3.52-5.85-3.45-11.77-7.49-17.6-11.99-8.54-6.59-15.68-13.35-21.83-20.65-6.82-8.08-12.49-15.96-17.33-24.07-2.06-3.46-3.18-7.28-3.35-11.36-.1-2.69.88-5.1 2.92-7.17 2.61-2.62 5.22-5.24 7.86-7.83 2.83-2.77 6.84-3.03 9.74-.62.85.7 1.45 1.57 1.98 2.34.19.27.38.54.57.81 2.54 3.36 5.07 6.73 7.6 10.1l2.16 2.89c1.41 1.87 2.08 3.73 2.07 5.67 0 1.78-.64 3.31-1.88 4.54l-1.15 1.16c-.95.95-1.9 1.91-2.86 2.84 5.09 6.66 10.02 12.16 15.12 16.86 3.82 3.53 8.02 7.02 12.82 10.67.79-.81 1.57-1.59 2.35-2.36l1.08-1.07c2.46-2.46 5.34-2.97 8.54-1.49 1.41.65 2.58 1.55 3.7 2.43.35.27.69.54 1.04.8 1.53 1.13 3.05 2.28 4.56 3.43 2.53 1.93 5.15 3.92 7.8 5.76 1.73 1.2 2.8 2.89 3.02 4.76s-.41 3.79-1.73 5.26c-3.14 3.51-6.36 6.71-9.57 9.51-2.2 1.92-4.38 2.31-7.58 2.31zm-.17-3c3.11.01 4.35-.32 5.78-1.57 3.11-2.72 6.25-5.83 9.31-9.25.74-.83 1.1-1.89.98-2.9-.12-1.02-.73-1.94-1.75-2.65-2.7-1.88-5.34-3.89-7.9-5.83-1.5-1.14-3.01-2.29-4.53-3.41-.37-.28-.74-.56-1.1-.84-1.03-.81-2.01-1.57-3.11-2.07-2.05-.95-3.59-.68-5.16.89l-1.09 1.08c-.9.89-1.8 1.77-2.66 2.69-.55.58-1.69 1.37-3.19.24-5.05-3.82-9.45-7.47-13.45-11.17-5.36-4.95-10.53-10.74-15.82-17.7-.82-1.06-.74-2.17.22-3.11 1.1-1.06 2.17-2.14 3.24-3.22l1.16-1.17c.68-.67 1-1.45 1-2.43 0-1.28-.46-2.51-1.47-3.85l-2.16-2.89c-2.52-3.37-5.05-6.74-7.59-10.09-.22-.3-.44-.6-.65-.91-.46-.67-.9-1.3-1.43-1.73-1.71-1.41-4.01-1.23-5.73.45-2.63 2.58-5.23 5.19-7.83 7.8-1.45 1.47-2.13 3.09-2.06 4.94.14 3.57 1.13 6.92 2.93 9.94 4.75 7.98 10.33 15.72 17.04 23.68 6.01 7.14 13.01 13.75 21.38 20.21 5.73 4.43 11.55 8.39 17.29 11.78 3.28 1.93 6.25 3.03 8.36 3.11z\"><\/path><\/svg>\t\t\t\t<\/span>\n\t\t\t<\/div>\n\t\t\t\n\t\t\t\t\t\t<div class=\"elementor-icon-box-content\">\n\n\t\t\t\t\t\t\t\t\t<h3 class=\"elementor-icon-box-title\">\n\t\t\t\t\t\t<span  >\n\t\t\t\t\t\t\tPhone\t\t\t\t\t\t<\/span>\n\t\t\t\t\t<\/h3>\n\t\t\t\t\n\t\t\t\t\t\t\t\t\t<p class=\"elementor-icon-box-description\">\n\t\t\t\t\t\t<a href=\"tel:+38513096707\">+385 1 3096 707<\/a>\r\n\t\t\t\t\t<\/p>\n\t\t\t\t\n\t\t\t<\/div>\n\t\t\t\n\t\t<\/div>\n\t\t\t\t\t\t<\/div>\n\t\t\t\t<\/div>\n\t\t\t\t\t<\/div>\n\t\t\t\t<\/div>\n\t\t<div class=\"elementor-element elementor-element-3541fda e-flex e-con-boxed e-con e-parent\" data-id=\"3541fda\" data-element_type=\"container\" data-e-type=\"container\">\n\t\t\t\t\t<div class=\"e-con-inner\">\n\t\t<div class=\"elementor-element elementor-element-17e0268 e-con-full e-flex elementor-invisible e-con e-child\" data-id=\"17e0268\" data-element_type=\"container\" data-e-type=\"container\" data-settings=\"{&quot;animation&quot;:&quot;fadeInUp&quot;}\">\n\t\t\t\t<div class=\"elementor-element elementor-element-2ccbccb elementor-widget elementor-widget-heading\" data-id=\"2ccbccb\" data-element_type=\"widget\" data-e-type=\"widget\" data-widget_type=\"heading.default\">\n\t\t\t\t\t<h2 class=\"elementor-heading-title elementor-size-default\">Get in Touch<\/h2>\t\t\t\t<\/div>\n\t\t\t\t<div class=\"elementor-element elementor-element-4935313 elementor-widget__width-initial elementor-widget elementor-widget-text-editor\" data-id=\"4935313\" data-element_type=\"widget\" data-e-type=\"widget\" data-widget_type=\"text-editor.default\">\n\t\t\t\t\t\t\t\t\t<article class=\"text-token-text-primary w-full focus:outline-none scroll-mt-[calc(var(--header-height)+min(200px,max(70px,20svh)))]\" dir=\"auto\" tabindex=\"-1\" data-turn-id=\"request-WEB:7e1e784b-7d86-4616-8bdd-6f5c5224e087-19\" data-testid=\"conversation-turn-14\" data-scroll-anchor=\"true\" data-turn=\"assistant\">\n<div class=\"text-base my-auto mx-auto pb-10 [--thread-content-margin:--spacing(4)] thread-sm:[--thread-content-margin:--spacing(6)] thread-lg:[--thread-content-margin:--spacing(16)] px-(--thread-content-margin)\">\n<div class=\"[--thread-content-max-width:40rem] thread-lg:[--thread-content-max-width:48rem] mx-auto max-w-(--thread-content-max-width) flex-1 group\/turn-messages focus-visible:outline-hidden relative flex w-full min-w-0 flex-col agent-turn\" tabindex=\"-1\">\n<div class=\"flex max-w-full flex-col grow\">\n<div class=\"min-h-8 text-message relative flex w-full flex-col items-end gap-2 text-start break-words whitespace-normal [.text-message+&amp;]:mt-5\" dir=\"auto\" data-message-author-role=\"assistant\" data-message-id=\"4d36cd0d-98c4-42c8-a72a-b1b5328df002\" data-message-model-slug=\"gpt-5-mini\">\n<div class=\"flex w-full flex-col gap-1 empty:hidden first:pt-[3px]\">\n<div class=\"markdown prose dark:prose-invert w-full break-words dark markdown-new-styling\">\n<p data-start=\"0\" data-end=\"180\" data-is-last-node=\"\" data-is-only-node=\"\">Are you interested in more information or want to find out how we can support your needs? Fill out the form below, and someone from our team will be happy to get in touch with you.<\/p>\n<\/div>\n<\/div>\n<\/div>\n<\/div>\n<div class=\"z-0 flex min-h-[46px] justify-start\"><\/div>\n<div class=\"mt-3 w-full empty:hidden\">\n<div class=\"text-center\"><\/div>\n<\/div>\n<\/div>\n<\/div>\n<\/article>\n<p><\/p>\n<div class=\"pointer-events-none h-px w-px\" aria-hidden=\"true\" data-edge=\"true\"><\/div>\n\t\t\t\t\t\t\t\t<\/div>\n\t\t\t\t<div class=\"elementor-element elementor-element-dfd2acf elementor-widget__width-initial elementor-widget elementor-widget-shortcode\" data-id=\"dfd2acf\" data-element_type=\"widget\" data-e-type=\"widget\" data-widget_type=\"shortcode.default\">\n\t\t\t\t\t\t\t<div class=\"elementor-shortcode\"><div class=\"forminator-ui forminator-custom-form forminator-custom-form-2164   forminator_ajax\" data-forminator-render=\"0\" data-form=\"forminator-module-2164\" data-uid=\"6a05c43fa917a\"><br\/><\/div><form\n\t\t\t\tid=\"forminator-module-2164\"\n\t\t\t\tclass=\"forminator-ui forminator-custom-form forminator-custom-form-2164   forminator_ajax\"\n\t\t\t\tmethod=\"post\"\n\t\t\t\tdata-forminator-render=\"0\"\n\t\t\t\tdata-form-id=\"2164\"\n\t\t\t\t data-color-option=\"theme\" data-design=\"none\" data-grid=\"open\" style=\"display: none;\"\n\t\t\t\tdata-uid=\"6a05c43fa917a\"\n\t\t\t><div role=\"alert\" aria-live=\"polite\" class=\"forminator-response-message forminator-error\" aria-hidden=\"true\"><\/div><div class=\"forminator-row\"><div id=\"name-1\" class=\"forminator-field-name forminator-col forminator-col-6 \"><div class=\"forminator-field\"><label for=\"forminator-field-name-1_6a05c43fa917a\" id=\"forminator-field-name-1_6a05c43fa917a-label\" class=\"forminator-label\">Name <span class=\"forminator-required\">*<\/span><\/label><input type=\"text\" name=\"name-1\" value=\"\" placeholder=\"Name\" id=\"forminator-field-name-1_6a05c43fa917a\" class=\"forminator-input forminator-name--field\" aria-required=\"true\" autocomplete=\"name\" \/><\/div><\/div><div id=\"phone-1\" class=\"forminator-field-phone forminator-col forminator-col-6 \"><div class=\"forminator-field\"><label for=\"forminator-field-phone-1_6a05c43fa917a\" id=\"forminator-field-phone-1_6a05c43fa917a-label\" class=\"forminator-label\">Phone Number <span class=\"forminator-required\">*<\/span><\/label><input type=\"text\" name=\"phone-1\" value=\"\" placeholder=\"Phone Number\" id=\"forminator-field-phone-1_6a05c43fa917a\" class=\"forminator-input forminator-field--phone\" data-required=\"1\" aria-required=\"true\" autocomplete=\"off\" \/><\/div><\/div><\/div><div class=\"forminator-row\"><div id=\"email-1\" class=\"forminator-field-email forminator-col forminator-col-12 \"><div class=\"forminator-field\"><label for=\"forminator-field-email-1_6a05c43fa917a\" id=\"forminator-field-email-1_6a05c43fa917a-label\" class=\"forminator-label\">Email Adress <span class=\"forminator-required\">*<\/span><\/label><input type=\"email\" name=\"email-1\" value=\"\" placeholder=\"Email Adress\" id=\"forminator-field-email-1_6a05c43fa917a\" class=\"forminator-input forminator-email--field\" data-required=\"1\" aria-required=\"true\" autocomplete=\"email\" \/><\/div><\/div><\/div><div class=\"forminator-row\"><div id=\"textarea-1\" class=\"forminator-field-textarea forminator-col forminator-col-12 \"><div class=\"forminator-field\"><label for=\"forminator-field-textarea-1_6a05c43fa917a\" id=\"forminator-field-textarea-1_6a05c43fa917a-label\" class=\"forminator-label\">Your Message<\/label><textarea name=\"textarea-1\" placeholder=\"Your Message...\" id=\"forminator-field-textarea-1_6a05c43fa917a\" class=\"forminator-textarea\" rows=\"6\" style=\"min-height:140px;\" ><\/textarea><\/div><\/div><\/div><input type=\"hidden\" name=\"referer_url\" value=\"\" \/><div class=\"forminator-row forminator-row-last\"><div class=\"forminator-col\"><div class=\"forminator-field\"><button class=\"forminator-button forminator-button-submit\">Send<\/button><\/div><\/div><\/div><input type=\"hidden\" id=\"forminator_nonce\" name=\"forminator_nonce\" value=\"9ebc18dfbc\" \/><input type=\"hidden\" name=\"_wp_http_referer\" value=\"\/en\/wp-json\/wp\/v2\/pages\/2175\" \/><input type=\"hidden\" name=\"form_id\" value=\"2164\"><input type=\"hidden\" name=\"page_id\" value=\"2175\"><input type=\"hidden\" name=\"form_type\" value=\"default\"><input type=\"hidden\" name=\"current_url\" value=\"https:\/\/www.nimco.hr\/en\/contact\/\"><input type=\"hidden\" name=\"render_id\" value=\"0\"><input type=\"hidden\" name=\"action\" value=\"forminator_submit_form_custom-forms\"><label for=\"input_5\" class=\"forminator-hidden\" aria-hidden=\"true\">Please do not fill in this field. <input id=\"input_5\" type=\"text\" name=\"input_5\" value=\"\" autocomplete=\"off\"><\/label><\/form><\/div>\n\t\t\t\t\t\t<\/div>\n\t\t\t\t<\/div>\n\t\t\t\t\t<\/div>\n\t\t\t\t<\/div>\n\t\t<div class=\"elementor-element elementor-element-fc10719 e-con-full e-flex e-con e-parent\" data-id=\"fc10719\" data-element_type=\"container\" data-e-type=\"container\">\n\t\t\t\t<div class=\"elementor-element elementor-element-264c13b elementor-widget elementor-widget-google_maps\" data-id=\"264c13b\" data-element_type=\"widget\" data-e-type=\"widget\" data-widget_type=\"google_maps.default\">\n\t\t\t\t\t\t\t<div class=\"elementor-custom-embed\">\n\t\t\t<iframe loading=\"lazy\"\n\t\t\t\t\tsrc=\"https:\/\/maps.google.com\/maps?q=Nimco%20Brands%20%26%20Liqueurs%20d.o.o.&#038;t=m&#038;z=14&#038;output=embed&#038;iwloc=near\"\n\t\t\t\t\ttitle=\"Nimco Brands &amp; Liqueurs d.o.o.\"\n\t\t\t\t\taria-label=\"Nimco Brands &amp; Liqueurs d.o.o.\"\n\t\t\t><\/iframe>\n\t\t<\/div>\n\t\t\t\t\t\t<\/div>\n\t\t\t\t<\/div>\n\t\t\t\t<\/div>\n\t\t","protected":false},"excerpt":{"rendered":"<p>Contact Headquarters \u0160portska 1, 10437 Bestovje, HR &#8211; Croatia Email prodaja@dalmatino.com Phone +385 1 3096 707 Get in Touch Are you interested in more information or want to find out how we can support your needs? Fill out the form below, and someone from our team will be happy to get in touch with you.<\/p>\n","protected":false},"author":1,"featured_media":0,"parent":0,"menu_order":0,"comment_status":"closed","ping_status":"closed","template":"","meta":{"_acf_changed":false,"footnotes":""},"class_list":["post-2175","page","type-page","status-publish","hentry"],"acf":[],"yoast_head":"<!-- This site is optimized with the Yoast SEO plugin v27.3 - https:\/\/yoast.com\/product\/yoast-seo-wordpress\/ -->\n<title>Contact - Nimco<\/title>\n<meta name=\"robots\" content=\"index, follow, max-snippet:-1, max-image-preview:large, max-video-preview:-1\" \/>\n<link rel=\"canonical\" href=\"https:\/\/www.nimco.hr\/en\/contact\/\" \/>\n<meta property=\"og:locale\" content=\"en_US\" \/>\n<meta property=\"og:type\" content=\"article\" \/>\n<meta property=\"og:title\" content=\"Contact - Nimco\" \/>\n<meta property=\"og:description\" content=\"Contact Headquarters \u0160portska 1, 10437 Bestovje, HR &#8211; Croatia Email prodaja@dalmatino.com Phone +385 1 3096 707 Get in Touch Are you interested in more information or want to find out how we can support your needs? Fill out the form below, and someone from our team will be happy to get in touch with you.\" \/>\n<meta property=\"og:url\" content=\"https:\/\/www.nimco.hr\/en\/contact\/\" \/>\n<meta property=\"og:site_name\" content=\"Nimco\" \/>\n<meta property=\"article:publisher\" content=\"https:\/\/www.facebook.com\/nimcobrands\" \/>\n<meta property=\"article:modified_time\" content=\"2025-11-26T08:00:38+00:00\" \/>\n<meta property=\"og:image\" content=\"https:\/\/www.nimco.hr\/wp-content\/uploads\/2025\/10\/Dizajn-bez-naslova-6.png\" \/>\n\t<meta property=\"og:image:width\" content=\"1200\" \/>\n\t<meta property=\"og:image:height\" content=\"675\" \/>\n\t<meta property=\"og:image:type\" content=\"image\/png\" \/>\n<meta name=\"twitter:card\" content=\"summary_large_image\" \/>\n<script type=\"application\/ld+json\" class=\"yoast-schema-graph\">{\"@context\":\"https:\\\/\\\/schema.org\",\"@graph\":[{\"@type\":\"WebPage\",\"@id\":\"https:\\\/\\\/www.nimco.hr\\\/en\\\/contact\\\/\",\"url\":\"https:\\\/\\\/www.nimco.hr\\\/en\\\/contact\\\/\",\"name\":\"Contact - Nimco\",\"isPartOf\":{\"@id\":\"https:\\\/\\\/www.nimco.hr\\\/#website\"},\"datePublished\":\"2025-09-08T10:54:05+00:00\",\"dateModified\":\"2025-11-26T08:00:38+00:00\",\"breadcrumb\":{\"@id\":\"https:\\\/\\\/www.nimco.hr\\\/en\\\/contact\\\/#breadcrumb\"},\"inLanguage\":\"en-US\",\"potentialAction\":[{\"@type\":\"ReadAction\",\"target\":[\"https:\\\/\\\/www.nimco.hr\\\/en\\\/contact\\\/\"]}]},{\"@type\":\"BreadcrumbList\",\"@id\":\"https:\\\/\\\/www.nimco.hr\\\/en\\\/contact\\\/#breadcrumb\",\"itemListElement\":[{\"@type\":\"ListItem\",\"position\":1,\"name\":\"Po\u010detna stranica\",\"item\":\"https:\\\/\\\/www.nimco.hr\\\/en\\\/\"},{\"@type\":\"ListItem\",\"position\":2,\"name\":\"Contact\"}]},{\"@type\":\"WebSite\",\"@id\":\"https:\\\/\\\/www.nimco.hr\\\/#website\",\"url\":\"https:\\\/\\\/www.nimco.hr\\\/\",\"name\":\"Nimco\",\"description\":\"Hrvatski proizvo\u0111a\u010d jakih alkoholnih pi\u0107a\",\"publisher\":{\"@id\":\"https:\\\/\\\/www.nimco.hr\\\/#organization\"},\"potentialAction\":[{\"@type\":\"SearchAction\",\"target\":{\"@type\":\"EntryPoint\",\"urlTemplate\":\"https:\\\/\\\/www.nimco.hr\\\/?s={search_term_string}\"},\"query-input\":{\"@type\":\"PropertyValueSpecification\",\"valueRequired\":true,\"valueName\":\"search_term_string\"}}],\"inLanguage\":\"en-US\"},{\"@type\":\"Organization\",\"@id\":\"https:\\\/\\\/www.nimco.hr\\\/#organization\",\"name\":\"Nimco\",\"url\":\"https:\\\/\\\/www.nimco.hr\\\/\",\"logo\":{\"@type\":\"ImageObject\",\"inLanguage\":\"en-US\",\"@id\":\"https:\\\/\\\/www.nimco.hr\\\/#\\\/schema\\\/logo\\\/image\\\/\",\"url\":\"https:\\\/\\\/www.nimco.hr\\\/wp-content\\\/uploads\\\/2025\\\/09\\\/Nimco_oker_logo.svg\",\"contentUrl\":\"https:\\\/\\\/www.nimco.hr\\\/wp-content\\\/uploads\\\/2025\\\/09\\\/Nimco_oker_logo.svg\",\"width\":100,\"height\":100,\"caption\":\"Nimco\"},\"image\":{\"@id\":\"https:\\\/\\\/www.nimco.hr\\\/#\\\/schema\\\/logo\\\/image\\\/\"},\"sameAs\":[\"https:\\\/\\\/www.facebook.com\\\/nimcobrands\",\"https:\\\/\\\/www.instagram.com\\\/nimco_brands_liqueurs\\\/\"]}]}<\/script>\n<!-- \/ Yoast SEO plugin. -->","yoast_head_json":{"title":"Contact - Nimco","robots":{"index":"index","follow":"follow","max-snippet":"max-snippet:-1","max-image-preview":"max-image-preview:large","max-video-preview":"max-video-preview:-1"},"canonical":"https:\/\/www.nimco.hr\/en\/contact\/","og_locale":"en_US","og_type":"article","og_title":"Contact - Nimco","og_description":"Contact Headquarters \u0160portska 1, 10437 Bestovje, HR &#8211; Croatia Email prodaja@dalmatino.com Phone +385 1 3096 707 Get in Touch Are you interested in more information or want to find out how we can support your needs? Fill out the form below, and someone from our team will be happy to get in touch with you.","og_url":"https:\/\/www.nimco.hr\/en\/contact\/","og_site_name":"Nimco","article_publisher":"https:\/\/www.facebook.com\/nimcobrands","article_modified_time":"2025-11-26T08:00:38+00:00","og_image":[{"width":1200,"height":675,"url":"https:\/\/www.nimco.hr\/wp-content\/uploads\/2025\/10\/Dizajn-bez-naslova-6.png","type":"image\/png"}],"twitter_card":"summary_large_image","schema":{"@context":"https:\/\/schema.org","@graph":[{"@type":"WebPage","@id":"https:\/\/www.nimco.hr\/en\/contact\/","url":"https:\/\/www.nimco.hr\/en\/contact\/","name":"Contact - Nimco","isPartOf":{"@id":"https:\/\/www.nimco.hr\/#website"},"datePublished":"2025-09-08T10:54:05+00:00","dateModified":"2025-11-26T08:00:38+00:00","breadcrumb":{"@id":"https:\/\/www.nimco.hr\/en\/contact\/#breadcrumb"},"inLanguage":"en-US","potentialAction":[{"@type":"ReadAction","target":["https:\/\/www.nimco.hr\/en\/contact\/"]}]},{"@type":"BreadcrumbList","@id":"https:\/\/www.nimco.hr\/en\/contact\/#breadcrumb","itemListElement":[{"@type":"ListItem","position":1,"name":"Po\u010detna stranica","item":"https:\/\/www.nimco.hr\/en\/"},{"@type":"ListItem","position":2,"name":"Contact"}]},{"@type":"WebSite","@id":"https:\/\/www.nimco.hr\/#website","url":"https:\/\/www.nimco.hr\/","name":"Nimco","description":"Hrvatski proizvo\u0111a\u010d jakih alkoholnih pi\u0107a","publisher":{"@id":"https:\/\/www.nimco.hr\/#organization"},"potentialAction":[{"@type":"SearchAction","target":{"@type":"EntryPoint","urlTemplate":"https:\/\/www.nimco.hr\/?s={search_term_string}"},"query-input":{"@type":"PropertyValueSpecification","valueRequired":true,"valueName":"search_term_string"}}],"inLanguage":"en-US"},{"@type":"Organization","@id":"https:\/\/www.nimco.hr\/#organization","name":"Nimco","url":"https:\/\/www.nimco.hr\/","logo":{"@type":"ImageObject","inLanguage":"en-US","@id":"https:\/\/www.nimco.hr\/#\/schema\/logo\/image\/","url":"https:\/\/www.nimco.hr\/wp-content\/uploads\/2025\/09\/Nimco_oker_logo.svg","contentUrl":"https:\/\/www.nimco.hr\/wp-content\/uploads\/2025\/09\/Nimco_oker_logo.svg","width":100,"height":100,"caption":"Nimco"},"image":{"@id":"https:\/\/www.nimco.hr\/#\/schema\/logo\/image\/"},"sameAs":["https:\/\/www.facebook.com\/nimcobrands","https:\/\/www.instagram.com\/nimco_brands_liqueurs\/"]}]}},"_links":{"self":[{"href":"https:\/\/www.nimco.hr\/en\/wp-json\/wp\/v2\/pages\/2175","targetHints":{"allow":["GET"]}}],"collection":[{"href":"https:\/\/www.nimco.hr\/en\/wp-json\/wp\/v2\/pages"}],"about":[{"href":"https:\/\/www.nimco.hr\/en\/wp-json\/wp\/v2\/types\/page"}],"author":[{"embeddable":true,"href":"https:\/\/www.nimco.hr\/en\/wp-json\/wp\/v2\/users\/1"}],"replies":[{"embeddable":true,"href":"https:\/\/www.nimco.hr\/en\/wp-json\/wp\/v2\/comments?post=2175"}],"version-history":[{"count":2,"href":"https:\/\/www.nimco.hr\/en\/wp-json\/wp\/v2\/pages\/2175\/revisions"}],"predecessor-version":[{"id":3362,"href":"https:\/\/www.nimco.hr\/en\/wp-json\/wp\/v2\/pages\/2175\/revisions\/3362"}],"wp:attachment":[{"href":"https:\/\/www.nimco.hr\/en\/wp-json\/wp\/v2\/media?parent=2175"}],"curies":[{"name":"wp","href":"https:\/\/api.w.org\/{rel}","templated":true}]}}