{"id":3262,"date":"2025-10-01T07:38:54","date_gmt":"2025-10-01T07:38:54","guid":{"rendered":"https:\/\/www.nimco.hr\/general-information\/"},"modified":"2025-10-16T06:41:27","modified_gmt":"2025-10-16T06:41:27","slug":"general-information","status":"publish","type":"page","link":"https:\/\/www.nimco.hr\/en\/general-information\/","title":{"rendered":"General Information"},"content":{"rendered":"\t\t<div data-elementor-type=\"wp-page\" data-elementor-id=\"3262\" class=\"elementor elementor-3262 elementor-3240\" data-elementor-post-type=\"page\">\n\t\t\t\t<div class=\"elementor-element elementor-element-a96db49 e-flex e-con-boxed e-con e-parent\" data-id=\"a96db49\" data-element_type=\"container\" data-e-type=\"container\">\n\t\t\t\t\t<div class=\"e-con-inner\">\n\t\t<div class=\"elementor-element elementor-element-b6632bc e-con-full e-flex e-con e-child\" data-id=\"b6632bc\" data-element_type=\"container\" data-e-type=\"container\">\n\t\t\t\t<div class=\"elementor-element elementor-element-f43611d elementor-widget elementor-widget-heading\" data-id=\"f43611d\" data-element_type=\"widget\" data-e-type=\"widget\" data-widget_type=\"heading.default\">\n\t\t\t\t\t<h1 class=\"elementor-heading-title elementor-size-default\">Op\u0107e informacije<\/h1>\t\t\t\t<\/div>\n\t\t<div class=\"elementor-element elementor-element-d02007e e-grid e-con-full e-con e-child\" data-id=\"d02007e\" data-element_type=\"container\" data-e-type=\"container\">\n\t\t<div class=\"elementor-element elementor-element-3ed3ca7 e-con-full e-flex e-con e-child\" data-id=\"3ed3ca7\" data-element_type=\"container\" data-e-type=\"container\">\n\t\t\t\t<div class=\"elementor-element elementor-element-fb418a0 elementor-widget elementor-widget-heading\" data-id=\"fb418a0\" data-element_type=\"widget\" data-e-type=\"widget\" data-widget_type=\"heading.default\">\n\t\t\t\t\t<h2 class=\"elementor-heading-title elementor-size-default\">Company Name<\/h2>\t\t\t\t<\/div>\n\t\t\t\t<div class=\"elementor-element elementor-element-89540c9 elementor-widget elementor-widget-text-editor\" data-id=\"89540c9\" data-element_type=\"widget\" data-e-type=\"widget\" data-widget_type=\"text-editor.default\">\n\t\t\t\t\t\t\t\t\t<p>Nimco Brands &amp; Liqueurs d.o.o. za trgovinu Nimco Brands &amp; Liqueurs d.o.o. (short name)<\/p>\n\t\t\t\t\t\t\t\t<\/div>\n\t\t\t\t<\/div>\n\t\t<div class=\"elementor-element elementor-element-108964c e-con-full e-flex e-con e-child\" data-id=\"108964c\" data-element_type=\"container\" data-e-type=\"container\">\n\t\t\t\t<div class=\"elementor-element elementor-element-3e58a85 elementor-widget elementor-widget-heading\" data-id=\"3e58a85\" data-element_type=\"widget\" data-e-type=\"widget\" data-widget_type=\"heading.default\">\n\t\t\t\t\t<h2 class=\"elementor-heading-title elementor-size-default\">Registered Address<\/h2>\t\t\t\t<\/div>\n\t\t\t\t<div class=\"elementor-element elementor-element-7fb6a8a elementor-widget elementor-widget-text-editor\" data-id=\"7fb6a8a\" data-element_type=\"widget\" data-e-type=\"widget\" data-widget_type=\"text-editor.default\">\n\t\t\t\t\t\t\t\t\t<p>10 437 Bestovje (Grad Sveta Nedelja) Sportska 1<\/p>\n\t\t\t\t\t\t\t\t<\/div>\n\t\t\t\t<\/div>\n\t\t<div class=\"elementor-element elementor-element-0960e11 e-con-full e-flex e-con e-child\" data-id=\"0960e11\" data-element_type=\"container\" data-e-type=\"container\">\n\t\t\t\t<div class=\"elementor-element elementor-element-fff0714 elementor-widget elementor-widget-heading\" data-id=\"fff0714\" data-element_type=\"widget\" data-e-type=\"widget\" data-widget_type=\"heading.default\">\n\t\t\t\t\t<h2 class=\"elementor-heading-title elementor-size-default\">Personal identification number (OIB)<\/h2>\t\t\t\t<\/div>\n\t\t\t\t<div class=\"elementor-element elementor-element-891e86f elementor-widget elementor-widget-text-editor\" data-id=\"891e86f\" data-element_type=\"widget\" data-e-type=\"widget\" data-widget_type=\"text-editor.default\">\n\t\t\t\t\t\t\t\t\t<p>51995473846<\/p>\n\t\t\t\t\t\t\t\t<\/div>\n\t\t\t\t<\/div>\n\t\t<div class=\"elementor-element elementor-element-53c1465 e-con-full e-flex e-con e-child\" data-id=\"53c1465\" data-element_type=\"container\" data-e-type=\"container\">\n\t\t\t\t<div class=\"elementor-element elementor-element-9170626 elementor-widget elementor-widget-heading\" data-id=\"9170626\" data-element_type=\"widget\" data-e-type=\"widget\" data-widget_type=\"heading.default\">\n\t\t\t\t\t<h2 class=\"elementor-heading-title elementor-size-default\">VAT No.<\/h2>\t\t\t\t<\/div>\n\t\t\t\t<div class=\"elementor-element elementor-element-29b093d elementor-widget elementor-widget-text-editor\" data-id=\"29b093d\" data-element_type=\"widget\" data-e-type=\"widget\" data-widget_type=\"text-editor.default\">\n\t\t\t\t\t\t\t\t\t<p>HR51995473846<\/p>\n\t\t\t\t\t\t\t\t<\/div>\n\t\t\t\t<\/div>\n\t\t<div class=\"elementor-element elementor-element-26757cc e-con-full e-flex e-con e-child\" data-id=\"26757cc\" data-element_type=\"container\" data-e-type=\"container\">\n\t\t\t\t<div class=\"elementor-element elementor-element-1a6264a elementor-widget elementor-widget-heading\" data-id=\"1a6264a\" data-element_type=\"widget\" data-e-type=\"widget\" data-widget_type=\"heading.default\">\n\t\t\t\t\t<h2 class=\"elementor-heading-title elementor-size-default\">Court registry<\/h2>\t\t\t\t<\/div>\n\t\t\t\t<div class=\"elementor-element elementor-element-507020d elementor-widget elementor-widget-text-editor\" data-id=\"507020d\" data-element_type=\"widget\" data-e-type=\"widget\" data-widget_type=\"text-editor.default\">\n\t\t\t\t\t\t\t\t\t<p>Commercial court in Zagreb<\/p>\n\t\t\t\t\t\t\t\t<\/div>\n\t\t\t\t<\/div>\n\t\t<div class=\"elementor-element elementor-element-59d718c e-con-full e-flex e-con e-child\" data-id=\"59d718c\" data-element_type=\"container\" data-e-type=\"container\">\n\t\t\t\t<div class=\"elementor-element elementor-element-c920abf elementor-widget elementor-widget-heading\" data-id=\"c920abf\" data-element_type=\"widget\" data-e-type=\"widget\" data-widget_type=\"heading.default\">\n\t\t\t\t\t<h2 class=\"elementor-heading-title elementor-size-default\">Registration number<\/h2>\t\t\t\t<\/div>\n\t\t\t\t<div class=\"elementor-element elementor-element-08cc3f3 elementor-widget elementor-widget-text-editor\" data-id=\"08cc3f3\" data-element_type=\"widget\" data-e-type=\"widget\" data-widget_type=\"text-editor.default\">\n\t\t\t\t\t\t\t\t\t<p>040101224<\/p>\n\t\t\t\t\t\t\t\t<\/div>\n\t\t\t\t<\/div>\n\t\t<div class=\"elementor-element elementor-element-6f1b422 e-con-full e-flex e-con e-child\" data-id=\"6f1b422\" data-element_type=\"container\" data-e-type=\"container\">\n\t\t\t\t<div class=\"elementor-element elementor-element-87de893 elementor-widget elementor-widget-heading\" data-id=\"87de893\" data-element_type=\"widget\" data-e-type=\"widget\" data-widget_type=\"heading.default\">\n\t\t\t\t\t<h2 class=\"elementor-heading-title elementor-size-default\">Amount of company\u2019s founding capital<\/h2>\t\t\t\t<\/div>\n\t\t\t\t<div class=\"elementor-element elementor-element-80067cd elementor-widget elementor-widget-text-editor\" data-id=\"80067cd\" data-element_type=\"widget\" data-e-type=\"widget\" data-widget_type=\"text-editor.default\">\n\t\t\t\t\t\t\t\t\t<p>1.026.730 EUR \/ paid in full<\/p>\t\t\t\t\t\t\t\t<\/div>\n\t\t\t\t<\/div>\n\t\t<div class=\"elementor-element elementor-element-349287a e-con-full e-flex e-con e-child\" data-id=\"349287a\" data-element_type=\"container\" data-e-type=\"container\">\n\t\t\t\t<div class=\"elementor-element elementor-element-423de02 elementor-widget elementor-widget-heading\" data-id=\"423de02\" data-element_type=\"widget\" data-e-type=\"widget\" data-widget_type=\"heading.default\">\n\t\t\t\t\t<h2 class=\"elementor-heading-title elementor-size-default\">CEO<\/h2>\t\t\t\t<\/div>\n\t\t\t\t<div class=\"elementor-element elementor-element-2f7596b elementor-widget elementor-widget-text-editor\" data-id=\"2f7596b\" data-element_type=\"widget\" data-e-type=\"widget\" data-widget_type=\"text-editor.default\">\n\t\t\t\t\t\t\t\t\t<p>Zeljka Damjanovic<\/p>\n\t\t\t\t\t\t\t\t<\/div>\n\t\t\t\t<\/div>\n\t\t<div class=\"elementor-element elementor-element-feaf38a e-con-full e-flex e-con e-child\" data-id=\"feaf38a\" data-element_type=\"container\" data-e-type=\"container\">\n\t\t\t\t<div class=\"elementor-element elementor-element-dfa3cb4 elementor-widget elementor-widget-heading\" data-id=\"dfa3cb4\" data-element_type=\"widget\" data-e-type=\"widget\" data-widget_type=\"heading.default\">\n\t\t\t\t\t<h2 class=\"elementor-heading-title elementor-size-default\">The company name<\/h2>\t\t\t\t<\/div>\n\t\t\t\t<div class=\"elementor-element elementor-element-b9be7b3 elementor-widget elementor-widget-text-editor\" data-id=\"b9be7b3\" data-element_type=\"widget\" data-e-type=\"widget\" data-widget_type=\"text-editor.default\">\n\t\t\t\t\t\t\t\t\t<p><b>and the registered seat of the legal entity that keeps the accounts and the numbers of these accounts<\/b><\/p><p>Hrvatska po\u0161tanska banka d.d., HR6423900011198033691<\/p><p>Zagreba\u010dka banka d.d., HR1623600001102480839<\/p>\t\t\t\t\t\t\t\t<\/div>\n\t\t\t\t<\/div>\n\t\t\t\t<\/div>\n\t\t\t\t<\/div>\n\t\t\t\t\t<\/div>\n\t\t\t\t<\/div>\n\t\t\t\t<\/div>\n\t\t","protected":false},"excerpt":{"rendered":"<p>Op\u0107e informacije Company Name Nimco Brands &amp; Liqueurs d.o.o. za trgovinu Nimco Brands &amp; Liqueurs d.o.o. (short name) Registered Address 10 437 Bestovje (Grad Sveta Nedelja) Sportska 1 Personal identification number (OIB) 51995473846 VAT No. HR51995473846 Court registry Commercial court in Zagreb Registration number 040101224 Amount of company\u2019s founding capital 1.026.730 EUR \/ paid in [&hellip;]<\/p>\n","protected":false},"author":1,"featured_media":0,"parent":0,"menu_order":0,"comment_status":"closed","ping_status":"closed","template":"","meta":{"_acf_changed":false,"footnotes":""},"class_list":["post-3262","page","type-page","status-publish","hentry"],"acf":[],"yoast_head":"<!-- This site is optimized with the Yoast SEO plugin v27.3 - https:\/\/yoast.com\/product\/yoast-seo-wordpress\/ -->\n<title>General Information - Nimco<\/title>\n<meta name=\"robots\" content=\"index, follow, max-snippet:-1, max-image-preview:large, max-video-preview:-1\" \/>\n<link rel=\"canonical\" href=\"https:\/\/www.nimco.hr\/opce-informacije\/\" \/>\n<meta property=\"og:locale\" content=\"en_US\" \/>\n<meta property=\"og:type\" content=\"article\" \/>\n<meta property=\"og:title\" content=\"General Information - Nimco\" \/>\n<meta property=\"og:description\" content=\"Op\u0107e informacije Company Name Nimco Brands &amp; Liqueurs d.o.o. za trgovinu Nimco Brands &amp; Liqueurs d.o.o. (short name) Registered Address 10 437 Bestovje (Grad Sveta Nedelja) Sportska 1 Personal identification number (OIB) 51995473846 VAT No. HR51995473846 Court registry Commercial court in Zagreb Registration number 040101224 Amount of company\u2019s founding capital 1.026.730 EUR \/ paid in [&hellip;]\" \/>\n<meta property=\"og:url\" content=\"https:\/\/www.nimco.hr\/opce-informacije\/\" \/>\n<meta property=\"og:site_name\" content=\"Nimco\" \/>\n<meta property=\"article:publisher\" content=\"https:\/\/www.facebook.com\/nimcobrands\" \/>\n<meta property=\"article:modified_time\" content=\"2025-10-16T06:41:27+00:00\" \/>\n<meta property=\"og:image\" content=\"https:\/\/www.nimco.hr\/wp-content\/uploads\/2025\/10\/Dizajn-bez-naslova-6.png\" \/>\n\t<meta property=\"og:image:width\" content=\"1200\" \/>\n\t<meta property=\"og:image:height\" content=\"675\" \/>\n\t<meta property=\"og:image:type\" content=\"image\/png\" \/>\n<meta name=\"twitter:card\" content=\"summary_large_image\" \/>\n<meta name=\"twitter:label1\" content=\"Est. reading time\" \/>\n\t<meta name=\"twitter:data1\" content=\"1 minute\" \/>\n<script type=\"application\/ld+json\" class=\"yoast-schema-graph\">{\"@context\":\"https:\\\/\\\/schema.org\",\"@graph\":[{\"@type\":\"WebPage\",\"@id\":\"https:\\\/\\\/www.nimco.hr\\\/opce-informacije\\\/\",\"url\":\"https:\\\/\\\/www.nimco.hr\\\/opce-informacije\\\/\",\"name\":\"General Information - Nimco\",\"isPartOf\":{\"@id\":\"https:\\\/\\\/www.nimco.hr\\\/#website\"},\"datePublished\":\"2025-10-01T07:38:54+00:00\",\"dateModified\":\"2025-10-16T06:41:27+00:00\",\"breadcrumb\":{\"@id\":\"https:\\\/\\\/www.nimco.hr\\\/opce-informacije\\\/#breadcrumb\"},\"inLanguage\":\"en-US\",\"potentialAction\":[{\"@type\":\"ReadAction\",\"target\":[\"https:\\\/\\\/www.nimco.hr\\\/opce-informacije\\\/\"]}]},{\"@type\":\"BreadcrumbList\",\"@id\":\"https:\\\/\\\/www.nimco.hr\\\/opce-informacije\\\/#breadcrumb\",\"itemListElement\":[{\"@type\":\"ListItem\",\"position\":1,\"name\":\"Po\u010detna stranica\",\"item\":\"https:\\\/\\\/www.nimco.hr\\\/en\\\/\"},{\"@type\":\"ListItem\",\"position\":2,\"name\":\"General Information\"}]},{\"@type\":\"WebSite\",\"@id\":\"https:\\\/\\\/www.nimco.hr\\\/#website\",\"url\":\"https:\\\/\\\/www.nimco.hr\\\/\",\"name\":\"Nimco\",\"description\":\"Hrvatski proizvo\u0111a\u010d jakih alkoholnih pi\u0107a\",\"publisher\":{\"@id\":\"https:\\\/\\\/www.nimco.hr\\\/#organization\"},\"potentialAction\":[{\"@type\":\"SearchAction\",\"target\":{\"@type\":\"EntryPoint\",\"urlTemplate\":\"https:\\\/\\\/www.nimco.hr\\\/?s={search_term_string}\"},\"query-input\":{\"@type\":\"PropertyValueSpecification\",\"valueRequired\":true,\"valueName\":\"search_term_string\"}}],\"inLanguage\":\"en-US\"},{\"@type\":\"Organization\",\"@id\":\"https:\\\/\\\/www.nimco.hr\\\/#organization\",\"name\":\"Nimco\",\"url\":\"https:\\\/\\\/www.nimco.hr\\\/\",\"logo\":{\"@type\":\"ImageObject\",\"inLanguage\":\"en-US\",\"@id\":\"https:\\\/\\\/www.nimco.hr\\\/#\\\/schema\\\/logo\\\/image\\\/\",\"url\":\"https:\\\/\\\/www.nimco.hr\\\/wp-content\\\/uploads\\\/2025\\\/09\\\/Nimco_oker_logo.svg\",\"contentUrl\":\"https:\\\/\\\/www.nimco.hr\\\/wp-content\\\/uploads\\\/2025\\\/09\\\/Nimco_oker_logo.svg\",\"width\":100,\"height\":100,\"caption\":\"Nimco\"},\"image\":{\"@id\":\"https:\\\/\\\/www.nimco.hr\\\/#\\\/schema\\\/logo\\\/image\\\/\"},\"sameAs\":[\"https:\\\/\\\/www.facebook.com\\\/nimcobrands\",\"https:\\\/\\\/www.instagram.com\\\/nimco_brands_liqueurs\\\/\"]}]}<\/script>\n<!-- \/ Yoast SEO plugin. -->","yoast_head_json":{"title":"General Information - Nimco","robots":{"index":"index","follow":"follow","max-snippet":"max-snippet:-1","max-image-preview":"max-image-preview:large","max-video-preview":"max-video-preview:-1"},"canonical":"https:\/\/www.nimco.hr\/opce-informacije\/","og_locale":"en_US","og_type":"article","og_title":"General Information - Nimco","og_description":"Op\u0107e informacije Company Name Nimco Brands &amp; Liqueurs d.o.o. za trgovinu Nimco Brands &amp; Liqueurs d.o.o. (short name) Registered Address 10 437 Bestovje (Grad Sveta Nedelja) Sportska 1 Personal identification number (OIB) 51995473846 VAT No. HR51995473846 Court registry Commercial court in Zagreb Registration number 040101224 Amount of company\u2019s founding capital 1.026.730 EUR \/ paid in [&hellip;]","og_url":"https:\/\/www.nimco.hr\/opce-informacije\/","og_site_name":"Nimco","article_publisher":"https:\/\/www.facebook.com\/nimcobrands","article_modified_time":"2025-10-16T06:41:27+00:00","og_image":[{"width":1200,"height":675,"url":"https:\/\/www.nimco.hr\/wp-content\/uploads\/2025\/10\/Dizajn-bez-naslova-6.png","type":"image\/png"}],"twitter_card":"summary_large_image","twitter_misc":{"Est. reading time":"1 minute"},"schema":{"@context":"https:\/\/schema.org","@graph":[{"@type":"WebPage","@id":"https:\/\/www.nimco.hr\/opce-informacije\/","url":"https:\/\/www.nimco.hr\/opce-informacije\/","name":"General Information - Nimco","isPartOf":{"@id":"https:\/\/www.nimco.hr\/#website"},"datePublished":"2025-10-01T07:38:54+00:00","dateModified":"2025-10-16T06:41:27+00:00","breadcrumb":{"@id":"https:\/\/www.nimco.hr\/opce-informacije\/#breadcrumb"},"inLanguage":"en-US","potentialAction":[{"@type":"ReadAction","target":["https:\/\/www.nimco.hr\/opce-informacije\/"]}]},{"@type":"BreadcrumbList","@id":"https:\/\/www.nimco.hr\/opce-informacije\/#breadcrumb","itemListElement":[{"@type":"ListItem","position":1,"name":"Po\u010detna stranica","item":"https:\/\/www.nimco.hr\/en\/"},{"@type":"ListItem","position":2,"name":"General Information"}]},{"@type":"WebSite","@id":"https:\/\/www.nimco.hr\/#website","url":"https:\/\/www.nimco.hr\/","name":"Nimco","description":"Hrvatski proizvo\u0111a\u010d jakih alkoholnih pi\u0107a","publisher":{"@id":"https:\/\/www.nimco.hr\/#organization"},"potentialAction":[{"@type":"SearchAction","target":{"@type":"EntryPoint","urlTemplate":"https:\/\/www.nimco.hr\/?s={search_term_string}"},"query-input":{"@type":"PropertyValueSpecification","valueRequired":true,"valueName":"search_term_string"}}],"inLanguage":"en-US"},{"@type":"Organization","@id":"https:\/\/www.nimco.hr\/#organization","name":"Nimco","url":"https:\/\/www.nimco.hr\/","logo":{"@type":"ImageObject","inLanguage":"en-US","@id":"https:\/\/www.nimco.hr\/#\/schema\/logo\/image\/","url":"https:\/\/www.nimco.hr\/wp-content\/uploads\/2025\/09\/Nimco_oker_logo.svg","contentUrl":"https:\/\/www.nimco.hr\/wp-content\/uploads\/2025\/09\/Nimco_oker_logo.svg","width":100,"height":100,"caption":"Nimco"},"image":{"@id":"https:\/\/www.nimco.hr\/#\/schema\/logo\/image\/"},"sameAs":["https:\/\/www.facebook.com\/nimcobrands","https:\/\/www.instagram.com\/nimco_brands_liqueurs\/"]}]}},"_links":{"self":[{"href":"https:\/\/www.nimco.hr\/en\/wp-json\/wp\/v2\/pages\/3262","targetHints":{"allow":["GET"]}}],"collection":[{"href":"https:\/\/www.nimco.hr\/en\/wp-json\/wp\/v2\/pages"}],"about":[{"href":"https:\/\/www.nimco.hr\/en\/wp-json\/wp\/v2\/types\/page"}],"author":[{"embeddable":true,"href":"https:\/\/www.nimco.hr\/en\/wp-json\/wp\/v2\/users\/1"}],"replies":[{"embeddable":true,"href":"https:\/\/www.nimco.hr\/en\/wp-json\/wp\/v2\/comments?post=3262"}],"version-history":[{"count":11,"href":"https:\/\/www.nimco.hr\/en\/wp-json\/wp\/v2\/pages\/3262\/revisions"}],"predecessor-version":[{"id":3399,"href":"https:\/\/www.nimco.hr\/en\/wp-json\/wp\/v2\/pages\/3262\/revisions\/3399"}],"wp:attachment":[{"href":"https:\/\/www.nimco.hr\/en\/wp-json\/wp\/v2\/media?parent=3262"}],"curies":[{"name":"wp","href":"https:\/\/api.w.org\/{rel}","templated":true}]}}