{"id":2350,"date":"2025-09-08T07:55:31","date_gmt":"2025-09-08T07:55:31","guid":{"rendered":"https:\/\/www.nimco.hr\/proizvod\/brioni-collection\/"},"modified":"2025-09-30T07:11:52","modified_gmt":"2025-09-30T07:11:52","slug":"brioni-collection","status":"publish","type":"product","link":"https:\/\/www.nimco.hr\/en\/proizvod\/brioni-collection\/","title":{"rendered":"BRIONI COLLECTION"},"content":{"rendered":"<h2>BRIONI COLLECTION AGED BRANDY<\/h2>\n<p>The Collection is named after the\u00a0<a href=\"https:\/\/www.np-brijuni.hr\/en\" target=\"_blank\" rel=\"noopener\">Brijuni Islands<\/a>, a national park where even the ancient Romans enjoyed and chose this beautiful island for their summer residence, as did Neil Armstrong, Elizabeth Taylor, Sophia Loren, Ho Chi Minh, Richard Burton, Haile Selassie, as well as many other celebrities and the most charismatic statesmen of the last century, including Tito.<\/p>\n<h2>CHARISMATIC BRIJUNI<\/h2>\n<p>The unspoiled nature of the beautiful islands is a very modest description of the charismatic Brijuni Islands. Or Brioni, as the Italians call them. While sipping your Brioni, sitting by the sea, you are part of a tradition initiated by both the Austro-Hungarian aristocracy and members of the Venetian elite who flocked to Brioni to enjoy the sun and good drinks and play tennis, polo and golf.<\/p>\n<h2>LIMITED EDITION OF BRIONI COLLECTION AGED BRANDY<strong><br \/>\n<\/strong><\/h2>\n<p>The limited edition Brioni Collection is not only a\u00a0<a href=\"https:\/\/www.nimco.hr\/en\/proizvod\/purist\/\" target=\"_blank\" rel=\"noopener\">top-quality brandy<\/a>\u00a0that has matured for three decades, but is also unique in design, auction potential or people all over the world who own several Brioni Collections. Brioni Collection gives the pleasure of owning something unique, timeless and extraordinary.<\/p>\n<h2>30 YEARS OF AGE<\/h2>\n<p>Some things cannot be accelerated, they take time. Three decades of resting brandy in oak barrels took over all the complexity of wooden components and created an aromatically superior product, which in 2009 took the title Champion of Spirit Drinks at Dionizijana, International Wine and Spirits competition.<\/p>\n<h2>CULINARY DELICACY<\/h2>\n<p>Unlike gin, vodka or whisky, aged brandy goes with every type of food. Use small amounts because it is far more powerful with both aroma and alcohol than wine. It goes great with seafood, red meat, sauces, pasta and vegetables. You can add a few drops over a fruit salad, to a cheesecake, pudding or chocolate sauce. Brandy will also be an excellent choice for flamb\u00e9ing dishes.<\/p>\n<h2>SERVE WITH DATES<\/h2>\n<p>Brioni itself has a very complex, sumptuous taste with notes of dried fruits and spices. As such it will exceptionally agree with the intensely sweet caramel flavor of Mediterranean dates.<\/p>\n<h2>LATEST AWARD FOR BRIONI COLLECTION AGED BRANDY<\/h2>\n<p>Most recent quality assurance for Brioni Collection just came from London. At the IWSC 2021, one of the oldest and most prestigious spirits competitions in the world, Brioni Collection aged brandy was awarded silver medal for quality, scoring 93 points.<\/p>\n","protected":false},"excerpt":{"rendered":"<p><strong>\u2705 Crafted for enjoyment, not haste<\/strong><br \/>\n<strong>\u2705 Inspired by the beauty of Brijuni<\/strong><br \/>\n<strong>\u2705 Aged 30 years in oak barrels<\/strong><\/p>\n<p>Brioni Collection is a brandy collection aged for over thirty years in oak barrels at a recently undisclosed location in Istria. The collection is named after the exclusive Brijuni archipelago.<\/p>\n","protected":false},"featured_media":2342,"template":"","meta":{"_acf_changed":false},"product_brand":[],"product_cat":[237,16],"product_tag":[70,144,145,23,17,146,191,190,71,160,25,66,198,26],"class_list":{"0":"post-2350","1":"product","2":"type-product","3":"status-publish","4":"has-post-thumbnail","6":"product_cat-products","7":"product_cat-proizvodi","8":"product_tag-350-ml","10":"product_tag-500-ml","12":"product_tag-700-ml","14":"product_tag-aged-brandy-2","15":"product_tag-award-winning-spirits-2","16":"product_tag-brioni-collection","18":"product_tag-nagradivani-proizvodi","19":"product_tag-odlezani-vinjak","20":"product_tag-premium-products-2","21":"product_tag-premium-proizvodi","23":"first","24":"instock","25":"taxable","26":"shipping-taxable","27":"purchasable","28":"product-type-variable"},"acf":[],"yoast_head":"<!-- This site is optimized with the Yoast SEO plugin v27.3 - https:\/\/yoast.com\/product\/yoast-seo-wordpress\/ -->\n<title>BRIONI COLLECTION - Nimco<\/title>\n<meta name=\"robots\" content=\"index, follow, max-snippet:-1, max-image-preview:large, max-video-preview:-1\" \/>\n<link rel=\"canonical\" href=\"https:\/\/www.nimco.hr\/en\/proizvod\/brioni-collection\/\" \/>\n<meta property=\"og:locale\" content=\"en_US\" \/>\n<meta property=\"og:type\" content=\"article\" \/>\n<meta property=\"og:title\" content=\"BRIONI COLLECTION - Nimco\" \/>\n<meta property=\"og:description\" content=\"\u2705 Crafted for enjoyment, not haste \u2705 Inspired by the beauty of Brijuni \u2705 Aged 30 years in oak barrels  Brioni Collection is a brandy collection aged for over thirty years in oak barrels at a recently undisclosed location in Istria. The collection is named after the exclusive Brijuni archipelago.\" \/>\n<meta property=\"og:url\" content=\"https:\/\/www.nimco.hr\/en\/proizvod\/brioni-collection\/\" \/>\n<meta property=\"og:site_name\" content=\"Nimco\" \/>\n<meta property=\"article:publisher\" content=\"https:\/\/www.facebook.com\/nimcobrands\" \/>\n<meta property=\"article:modified_time\" content=\"2025-09-30T07:11:52+00:00\" \/>\n<meta property=\"og:image\" content=\"https:\/\/www.nimco.hr\/wp-content\/uploads\/2025\/09\/Brioni-Collection-Gastro-700ml.jpg\" \/>\n\t<meta property=\"og:image:width\" content=\"1200\" \/>\n\t<meta property=\"og:image:height\" content=\"1200\" \/>\n\t<meta property=\"og:image:type\" content=\"image\/jpeg\" \/>\n<meta name=\"twitter:card\" content=\"summary_large_image\" \/>\n<meta name=\"twitter:label1\" content=\"Est. reading time\" \/>\n\t<meta name=\"twitter:data1\" content=\"2 minutes\" \/>\n<script type=\"application\/ld+json\" class=\"yoast-schema-graph\">{\"@context\":\"https:\\\/\\\/schema.org\",\"@graph\":[{\"@type\":\"WebPage\",\"@id\":\"https:\\\/\\\/www.nimco.hr\\\/en\\\/proizvod\\\/brioni-collection\\\/\",\"url\":\"https:\\\/\\\/www.nimco.hr\\\/en\\\/proizvod\\\/brioni-collection\\\/\",\"name\":\"BRIONI COLLECTION - Nimco\",\"isPartOf\":{\"@id\":\"https:\\\/\\\/www.nimco.hr\\\/#website\"},\"primaryImageOfPage\":{\"@id\":\"https:\\\/\\\/www.nimco.hr\\\/en\\\/proizvod\\\/brioni-collection\\\/#primaryimage\"},\"image\":{\"@id\":\"https:\\\/\\\/www.nimco.hr\\\/en\\\/proizvod\\\/brioni-collection\\\/#primaryimage\"},\"thumbnailUrl\":\"https:\\\/\\\/www.nimco.hr\\\/wp-content\\\/uploads\\\/2025\\\/09\\\/Brioni-Collection-Gastro-700ml.jpg\",\"datePublished\":\"2025-09-08T07:55:31+00:00\",\"dateModified\":\"2025-09-30T07:11:52+00:00\",\"breadcrumb\":{\"@id\":\"https:\\\/\\\/www.nimco.hr\\\/en\\\/proizvod\\\/brioni-collection\\\/#breadcrumb\"},\"inLanguage\":\"en-US\",\"potentialAction\":[{\"@type\":\"ReadAction\",\"target\":[\"https:\\\/\\\/www.nimco.hr\\\/en\\\/proizvod\\\/brioni-collection\\\/\"]}]},{\"@type\":\"ImageObject\",\"inLanguage\":\"en-US\",\"@id\":\"https:\\\/\\\/www.nimco.hr\\\/en\\\/proizvod\\\/brioni-collection\\\/#primaryimage\",\"url\":\"https:\\\/\\\/www.nimco.hr\\\/wp-content\\\/uploads\\\/2025\\\/09\\\/Brioni-Collection-Gastro-700ml.jpg\",\"contentUrl\":\"https:\\\/\\\/www.nimco.hr\\\/wp-content\\\/uploads\\\/2025\\\/09\\\/Brioni-Collection-Gastro-700ml.jpg\",\"width\":1200,\"height\":1200},{\"@type\":\"BreadcrumbList\",\"@id\":\"https:\\\/\\\/www.nimco.hr\\\/en\\\/proizvod\\\/brioni-collection\\\/#breadcrumb\",\"itemListElement\":[{\"@type\":\"ListItem\",\"position\":1,\"name\":\"Po\u010detna stranica\",\"item\":\"https:\\\/\\\/www.nimco.hr\\\/en\\\/\"},{\"@type\":\"ListItem\",\"position\":2,\"name\":\"Shop\",\"item\":\"https:\\\/\\\/www.nimco.hr\\\/shop\\\/\"},{\"@type\":\"ListItem\",\"position\":3,\"name\":\"BRIONI COLLECTION\"}]},{\"@type\":\"WebSite\",\"@id\":\"https:\\\/\\\/www.nimco.hr\\\/#website\",\"url\":\"https:\\\/\\\/www.nimco.hr\\\/\",\"name\":\"Nimco\",\"description\":\"Hrvatski proizvo\u0111a\u010d jakih alkoholnih pi\u0107a\",\"publisher\":{\"@id\":\"https:\\\/\\\/www.nimco.hr\\\/#organization\"},\"potentialAction\":[{\"@type\":\"SearchAction\",\"target\":{\"@type\":\"EntryPoint\",\"urlTemplate\":\"https:\\\/\\\/www.nimco.hr\\\/?s={search_term_string}\"},\"query-input\":{\"@type\":\"PropertyValueSpecification\",\"valueRequired\":true,\"valueName\":\"search_term_string\"}}],\"inLanguage\":\"en-US\"},{\"@type\":\"Organization\",\"@id\":\"https:\\\/\\\/www.nimco.hr\\\/#organization\",\"name\":\"Nimco\",\"url\":\"https:\\\/\\\/www.nimco.hr\\\/\",\"logo\":{\"@type\":\"ImageObject\",\"inLanguage\":\"en-US\",\"@id\":\"https:\\\/\\\/www.nimco.hr\\\/#\\\/schema\\\/logo\\\/image\\\/\",\"url\":\"https:\\\/\\\/www.nimco.hr\\\/wp-content\\\/uploads\\\/2025\\\/09\\\/Nimco_oker_logo.svg\",\"contentUrl\":\"https:\\\/\\\/www.nimco.hr\\\/wp-content\\\/uploads\\\/2025\\\/09\\\/Nimco_oker_logo.svg\",\"width\":100,\"height\":100,\"caption\":\"Nimco\"},\"image\":{\"@id\":\"https:\\\/\\\/www.nimco.hr\\\/#\\\/schema\\\/logo\\\/image\\\/\"},\"sameAs\":[\"https:\\\/\\\/www.facebook.com\\\/nimcobrands\",\"https:\\\/\\\/www.instagram.com\\\/nimco_brands_liqueurs\\\/\"]}]}<\/script>\n<!-- \/ Yoast SEO plugin. -->","yoast_head_json":{"title":"BRIONI COLLECTION - Nimco","robots":{"index":"index","follow":"follow","max-snippet":"max-snippet:-1","max-image-preview":"max-image-preview:large","max-video-preview":"max-video-preview:-1"},"canonical":"https:\/\/www.nimco.hr\/en\/proizvod\/brioni-collection\/","og_locale":"en_US","og_type":"article","og_title":"BRIONI COLLECTION - Nimco","og_description":"\u2705 Crafted for enjoyment, not haste \u2705 Inspired by the beauty of Brijuni \u2705 Aged 30 years in oak barrels  Brioni Collection is a brandy collection aged for over thirty years in oak barrels at a recently undisclosed location in Istria. The collection is named after the exclusive Brijuni archipelago.","og_url":"https:\/\/www.nimco.hr\/en\/proizvod\/brioni-collection\/","og_site_name":"Nimco","article_publisher":"https:\/\/www.facebook.com\/nimcobrands","article_modified_time":"2025-09-30T07:11:52+00:00","og_image":[{"width":1200,"height":1200,"url":"https:\/\/www.nimco.hr\/wp-content\/uploads\/2025\/09\/Brioni-Collection-Gastro-700ml.jpg","type":"image\/jpeg"}],"twitter_card":"summary_large_image","twitter_misc":{"Est. reading time":"2 minutes"},"schema":{"@context":"https:\/\/schema.org","@graph":[{"@type":"WebPage","@id":"https:\/\/www.nimco.hr\/en\/proizvod\/brioni-collection\/","url":"https:\/\/www.nimco.hr\/en\/proizvod\/brioni-collection\/","name":"BRIONI COLLECTION - Nimco","isPartOf":{"@id":"https:\/\/www.nimco.hr\/#website"},"primaryImageOfPage":{"@id":"https:\/\/www.nimco.hr\/en\/proizvod\/brioni-collection\/#primaryimage"},"image":{"@id":"https:\/\/www.nimco.hr\/en\/proizvod\/brioni-collection\/#primaryimage"},"thumbnailUrl":"https:\/\/www.nimco.hr\/wp-content\/uploads\/2025\/09\/Brioni-Collection-Gastro-700ml.jpg","datePublished":"2025-09-08T07:55:31+00:00","dateModified":"2025-09-30T07:11:52+00:00","breadcrumb":{"@id":"https:\/\/www.nimco.hr\/en\/proizvod\/brioni-collection\/#breadcrumb"},"inLanguage":"en-US","potentialAction":[{"@type":"ReadAction","target":["https:\/\/www.nimco.hr\/en\/proizvod\/brioni-collection\/"]}]},{"@type":"ImageObject","inLanguage":"en-US","@id":"https:\/\/www.nimco.hr\/en\/proizvod\/brioni-collection\/#primaryimage","url":"https:\/\/www.nimco.hr\/wp-content\/uploads\/2025\/09\/Brioni-Collection-Gastro-700ml.jpg","contentUrl":"https:\/\/www.nimco.hr\/wp-content\/uploads\/2025\/09\/Brioni-Collection-Gastro-700ml.jpg","width":1200,"height":1200},{"@type":"BreadcrumbList","@id":"https:\/\/www.nimco.hr\/en\/proizvod\/brioni-collection\/#breadcrumb","itemListElement":[{"@type":"ListItem","position":1,"name":"Po\u010detna stranica","item":"https:\/\/www.nimco.hr\/en\/"},{"@type":"ListItem","position":2,"name":"Shop","item":"https:\/\/www.nimco.hr\/shop\/"},{"@type":"ListItem","position":3,"name":"BRIONI COLLECTION"}]},{"@type":"WebSite","@id":"https:\/\/www.nimco.hr\/#website","url":"https:\/\/www.nimco.hr\/","name":"Nimco","description":"Hrvatski proizvo\u0111a\u010d jakih alkoholnih pi\u0107a","publisher":{"@id":"https:\/\/www.nimco.hr\/#organization"},"potentialAction":[{"@type":"SearchAction","target":{"@type":"EntryPoint","urlTemplate":"https:\/\/www.nimco.hr\/?s={search_term_string}"},"query-input":{"@type":"PropertyValueSpecification","valueRequired":true,"valueName":"search_term_string"}}],"inLanguage":"en-US"},{"@type":"Organization","@id":"https:\/\/www.nimco.hr\/#organization","name":"Nimco","url":"https:\/\/www.nimco.hr\/","logo":{"@type":"ImageObject","inLanguage":"en-US","@id":"https:\/\/www.nimco.hr\/#\/schema\/logo\/image\/","url":"https:\/\/www.nimco.hr\/wp-content\/uploads\/2025\/09\/Nimco_oker_logo.svg","contentUrl":"https:\/\/www.nimco.hr\/wp-content\/uploads\/2025\/09\/Nimco_oker_logo.svg","width":100,"height":100,"caption":"Nimco"},"image":{"@id":"https:\/\/www.nimco.hr\/#\/schema\/logo\/image\/"},"sameAs":["https:\/\/www.facebook.com\/nimcobrands","https:\/\/www.instagram.com\/nimco_brands_liqueurs\/"]}]}},"_links":{"self":[{"href":"https:\/\/www.nimco.hr\/en\/wp-json\/wp\/v2\/product\/2350","targetHints":{"allow":["GET"]}}],"collection":[{"href":"https:\/\/www.nimco.hr\/en\/wp-json\/wp\/v2\/product"}],"about":[{"href":"https:\/\/www.nimco.hr\/en\/wp-json\/wp\/v2\/types\/product"}],"wp:featuredmedia":[{"embeddable":true,"href":"https:\/\/www.nimco.hr\/en\/wp-json\/wp\/v2\/media\/2342"}],"wp:attachment":[{"href":"https:\/\/www.nimco.hr\/en\/wp-json\/wp\/v2\/media?parent=2350"}],"wp:term":[{"taxonomy":"product_brand","embeddable":true,"href":"https:\/\/www.nimco.hr\/en\/wp-json\/wp\/v2\/product_brand?post=2350"},{"taxonomy":"product_cat","embeddable":true,"href":"https:\/\/www.nimco.hr\/en\/wp-json\/wp\/v2\/product_cat?post=2350"},{"taxonomy":"product_tag","embeddable":true,"href":"https:\/\/www.nimco.hr\/en\/wp-json\/wp\/v2\/product_tag?post=2350"}],"curies":[{"name":"wp","href":"https:\/\/api.w.org\/{rel}","templated":true}]}}