{"id":2374,"date":"2025-09-08T07:55:31","date_gmt":"2025-09-08T07:55:31","guid":{"rendered":"https:\/\/www.nimco.hr\/proizvod\/marco-polo\/"},"modified":"2025-09-30T07:11:37","modified_gmt":"2025-09-30T07:11:37","slug":"marco-polo","status":"publish","type":"product","link":"https:\/\/www.nimco.hr\/en\/proizvod\/marco-polo\/","title":{"rendered":"MARCO POLO"},"content":{"rendered":"<h2>MARCO POLO<\/h2>\n<p>Thanks to 30 years of maturation in oak barrels, Marco Polo is an exceptionally rounded brandy with unique woody and spicy notes and a strong character. It is excellent as an aperitif to prepare your palate for fine wine or as a perfect finish to a great dinner.<\/p>\n<h2>THE ESSENCE<\/h2>\n<p>This aged brandy is not just a synonym for quality, but quality itself. Made from the distillate of the finest wine, the thirty years of aging have given it a noble red-brown color, a perfect aroma, and a taste that lingers long on the palate<\/p>\n<h2>PATIENCE PAYS OFF<\/h2>\n<p>Before you start sipping, aerate the brandy by swirling it gently in the glass or let it breathe for 15 minutes. The air releases the hidden aromas and provides an exceptionally smooth drinking experience.<\/p>\n<h2>MARCO POLO EXPERIENCE<\/h2>\n<p>Serve it in a thin-walled glass shaped like a tulip flower. Hold the glass in your open palm, feel it first with your senses, then slowly enjoy every sip.<\/p>\n<h2>QUALITY CONFIRMATION<\/h2>\n<p>The exceptional quality of Marco Polo brandy has been recognized with the prestigious title \u201cCroatia Brandy of the Year\u201d at the Berlin International Spirits Competition 2018.<\/p>\n<h2>MARCO POLO \u2013 ONE IN EMILIONI<\/h2>\n<p>It is well known that the number one million is associated with Marco Polo. Upon his return to Venice, Marco Polo recounted his adventures with grand exaggerations, inflating facts, descriptions, and numbers. This made him famous, and the usual numerical expressions became too small to match his tales. At that time, there was no special word for one million, only \u201cone thousand thousands.\u201d Since his middle name was Emilio (full name\u00a0<strong>Marco Emilio Polo<\/strong>), the term \u201c<a href=\"https:\/\/en.wikipedia.org\/wiki\/Marco_Polo\">emilioni<\/a>\u201d soon spread among the Venetian people, and with a slight modification, a new number was born.<\/p>\n","protected":false},"excerpt":{"rendered":"<div class=\"woocommerce-product-details__short-description\">\n<p><strong>\u2705 Perfect balance of sweetness and strength<br \/>\n\u2705 An adventure in every glass<br \/>\n\u2705 30 years of aging<\/strong><\/p>\n<p>Marco Polo brandy is not just a synonym for quality, it is quality in its very essence. After thirty years of aging in the cold Istrian cellars where the fullness of its flavor matured, it was carefully bottled in an elegant bottle to confidently present itself to true connoisseurs.<\/p>\n<p><strong>Product size: 700 ml<\/strong><\/p>\n<\/div>\n","protected":false},"featured_media":2368,"template":"","meta":{"_acf_changed":false},"product_brand":[],"product_cat":[237,16],"product_tag":[146,17,191,190,196,65,184,25,66,67,198,26],"class_list":{"0":"post-2374","1":"product","2":"type-product","3":"status-publish","4":"has-post-thumbnail","6":"product_cat-products","7":"product_cat-proizvodi","8":"product_tag-700-ml","10":"product_tag-aged-brandy-2","11":"product_tag-award-winning-spirits-2","12":"product_tag-gift-pack-2","13":"product_tag-marco-polo","15":"product_tag-nagradivani-proizvodi","16":"product_tag-odlezani-vinjak","17":"product_tag-poklon-pakiranje","18":"product_tag-premium-products-2","19":"product_tag-premium-proizvodi","21":"first","22":"instock","23":"taxable","24":"shipping-taxable","25":"purchasable","26":"product-type-simple"},"acf":[],"yoast_head":"<!-- This site is optimized with the Yoast SEO plugin v27.3 - https:\/\/yoast.com\/product\/yoast-seo-wordpress\/ -->\n<title>MARCO POLO - Nimco<\/title>\n<meta name=\"robots\" content=\"index, follow, max-snippet:-1, max-image-preview:large, max-video-preview:-1\" \/>\n<link rel=\"canonical\" href=\"https:\/\/www.nimco.hr\/en\/proizvod\/marco-polo\/\" \/>\n<meta property=\"og:locale\" content=\"en_US\" \/>\n<meta property=\"og:type\" content=\"article\" \/>\n<meta property=\"og:title\" content=\"MARCO POLO - Nimco\" \/>\n<meta property=\"og:description\" content=\"\u2705 Perfect balance of sweetness and strength \u2705 An adventure in every glass \u2705 30 years of aging  Marco Polo brandy is not just a synonym for quality, it is quality in its very essence. After thirty years of aging in the cold Istrian cellars where the fullness of its flavor matured, it was carefully bottled in an elegant bottle to confidently present itself to true connoisseurs.  Product size: 700 ml\" \/>\n<meta property=\"og:url\" content=\"https:\/\/www.nimco.hr\/en\/proizvod\/marco-polo\/\" \/>\n<meta property=\"og:site_name\" content=\"Nimco\" \/>\n<meta property=\"article:publisher\" content=\"https:\/\/www.facebook.com\/nimcobrands\" \/>\n<meta property=\"article:modified_time\" content=\"2025-09-30T07:11:37+00:00\" \/>\n<meta property=\"og:image\" content=\"https:\/\/www.nimco.hr\/wp-content\/uploads\/2025\/09\/NIMCO-Marco-Polo-Vinjak-700-ml.jpg\" \/>\n\t<meta property=\"og:image:width\" content=\"1200\" \/>\n\t<meta property=\"og:image:height\" content=\"1200\" \/>\n\t<meta property=\"og:image:type\" content=\"image\/jpeg\" \/>\n<meta name=\"twitter:card\" content=\"summary_large_image\" \/>\n<meta name=\"twitter:label1\" content=\"Est. reading time\" \/>\n\t<meta name=\"twitter:data1\" content=\"1 minute\" \/>\n<script type=\"application\/ld+json\" class=\"yoast-schema-graph\">{\"@context\":\"https:\\\/\\\/schema.org\",\"@graph\":[{\"@type\":\"WebPage\",\"@id\":\"https:\\\/\\\/www.nimco.hr\\\/en\\\/proizvod\\\/marco-polo\\\/\",\"url\":\"https:\\\/\\\/www.nimco.hr\\\/en\\\/proizvod\\\/marco-polo\\\/\",\"name\":\"MARCO POLO - Nimco\",\"isPartOf\":{\"@id\":\"https:\\\/\\\/www.nimco.hr\\\/#website\"},\"primaryImageOfPage\":{\"@id\":\"https:\\\/\\\/www.nimco.hr\\\/en\\\/proizvod\\\/marco-polo\\\/#primaryimage\"},\"image\":{\"@id\":\"https:\\\/\\\/www.nimco.hr\\\/en\\\/proizvod\\\/marco-polo\\\/#primaryimage\"},\"thumbnailUrl\":\"https:\\\/\\\/www.nimco.hr\\\/wp-content\\\/uploads\\\/2025\\\/09\\\/NIMCO-Marco-Polo-Vinjak-700-ml.jpg\",\"datePublished\":\"2025-09-08T07:55:31+00:00\",\"dateModified\":\"2025-09-30T07:11:37+00:00\",\"breadcrumb\":{\"@id\":\"https:\\\/\\\/www.nimco.hr\\\/en\\\/proizvod\\\/marco-polo\\\/#breadcrumb\"},\"inLanguage\":\"en-US\",\"potentialAction\":[{\"@type\":\"ReadAction\",\"target\":[\"https:\\\/\\\/www.nimco.hr\\\/en\\\/proizvod\\\/marco-polo\\\/\"]}]},{\"@type\":\"ImageObject\",\"inLanguage\":\"en-US\",\"@id\":\"https:\\\/\\\/www.nimco.hr\\\/en\\\/proizvod\\\/marco-polo\\\/#primaryimage\",\"url\":\"https:\\\/\\\/www.nimco.hr\\\/wp-content\\\/uploads\\\/2025\\\/09\\\/NIMCO-Marco-Polo-Vinjak-700-ml.jpg\",\"contentUrl\":\"https:\\\/\\\/www.nimco.hr\\\/wp-content\\\/uploads\\\/2025\\\/09\\\/NIMCO-Marco-Polo-Vinjak-700-ml.jpg\",\"width\":1200,\"height\":1200},{\"@type\":\"BreadcrumbList\",\"@id\":\"https:\\\/\\\/www.nimco.hr\\\/en\\\/proizvod\\\/marco-polo\\\/#breadcrumb\",\"itemListElement\":[{\"@type\":\"ListItem\",\"position\":1,\"name\":\"Po\u010detna stranica\",\"item\":\"https:\\\/\\\/www.nimco.hr\\\/en\\\/\"},{\"@type\":\"ListItem\",\"position\":2,\"name\":\"Shop\",\"item\":\"https:\\\/\\\/www.nimco.hr\\\/shop\\\/\"},{\"@type\":\"ListItem\",\"position\":3,\"name\":\"MARCO POLO\"}]},{\"@type\":\"WebSite\",\"@id\":\"https:\\\/\\\/www.nimco.hr\\\/#website\",\"url\":\"https:\\\/\\\/www.nimco.hr\\\/\",\"name\":\"Nimco\",\"description\":\"Hrvatski proizvo\u0111a\u010d jakih alkoholnih pi\u0107a\",\"publisher\":{\"@id\":\"https:\\\/\\\/www.nimco.hr\\\/#organization\"},\"potentialAction\":[{\"@type\":\"SearchAction\",\"target\":{\"@type\":\"EntryPoint\",\"urlTemplate\":\"https:\\\/\\\/www.nimco.hr\\\/?s={search_term_string}\"},\"query-input\":{\"@type\":\"PropertyValueSpecification\",\"valueRequired\":true,\"valueName\":\"search_term_string\"}}],\"inLanguage\":\"en-US\"},{\"@type\":\"Organization\",\"@id\":\"https:\\\/\\\/www.nimco.hr\\\/#organization\",\"name\":\"Nimco\",\"url\":\"https:\\\/\\\/www.nimco.hr\\\/\",\"logo\":{\"@type\":\"ImageObject\",\"inLanguage\":\"en-US\",\"@id\":\"https:\\\/\\\/www.nimco.hr\\\/#\\\/schema\\\/logo\\\/image\\\/\",\"url\":\"https:\\\/\\\/www.nimco.hr\\\/wp-content\\\/uploads\\\/2025\\\/09\\\/Nimco_oker_logo.svg\",\"contentUrl\":\"https:\\\/\\\/www.nimco.hr\\\/wp-content\\\/uploads\\\/2025\\\/09\\\/Nimco_oker_logo.svg\",\"width\":100,\"height\":100,\"caption\":\"Nimco\"},\"image\":{\"@id\":\"https:\\\/\\\/www.nimco.hr\\\/#\\\/schema\\\/logo\\\/image\\\/\"},\"sameAs\":[\"https:\\\/\\\/www.facebook.com\\\/nimcobrands\",\"https:\\\/\\\/www.instagram.com\\\/nimco_brands_liqueurs\\\/\"]}]}<\/script>\n<!-- \/ Yoast SEO plugin. -->","yoast_head_json":{"title":"MARCO POLO - Nimco","robots":{"index":"index","follow":"follow","max-snippet":"max-snippet:-1","max-image-preview":"max-image-preview:large","max-video-preview":"max-video-preview:-1"},"canonical":"https:\/\/www.nimco.hr\/en\/proizvod\/marco-polo\/","og_locale":"en_US","og_type":"article","og_title":"MARCO POLO - Nimco","og_description":"\u2705 Perfect balance of sweetness and strength \u2705 An adventure in every glass \u2705 30 years of aging  Marco Polo brandy is not just a synonym for quality, it is quality in its very essence. After thirty years of aging in the cold Istrian cellars where the fullness of its flavor matured, it was carefully bottled in an elegant bottle to confidently present itself to true connoisseurs.  Product size: 700 ml","og_url":"https:\/\/www.nimco.hr\/en\/proizvod\/marco-polo\/","og_site_name":"Nimco","article_publisher":"https:\/\/www.facebook.com\/nimcobrands","article_modified_time":"2025-09-30T07:11:37+00:00","og_image":[{"width":1200,"height":1200,"url":"https:\/\/www.nimco.hr\/wp-content\/uploads\/2025\/09\/NIMCO-Marco-Polo-Vinjak-700-ml.jpg","type":"image\/jpeg"}],"twitter_card":"summary_large_image","twitter_misc":{"Est. reading time":"1 minute"},"schema":{"@context":"https:\/\/schema.org","@graph":[{"@type":"WebPage","@id":"https:\/\/www.nimco.hr\/en\/proizvod\/marco-polo\/","url":"https:\/\/www.nimco.hr\/en\/proizvod\/marco-polo\/","name":"MARCO POLO - Nimco","isPartOf":{"@id":"https:\/\/www.nimco.hr\/#website"},"primaryImageOfPage":{"@id":"https:\/\/www.nimco.hr\/en\/proizvod\/marco-polo\/#primaryimage"},"image":{"@id":"https:\/\/www.nimco.hr\/en\/proizvod\/marco-polo\/#primaryimage"},"thumbnailUrl":"https:\/\/www.nimco.hr\/wp-content\/uploads\/2025\/09\/NIMCO-Marco-Polo-Vinjak-700-ml.jpg","datePublished":"2025-09-08T07:55:31+00:00","dateModified":"2025-09-30T07:11:37+00:00","breadcrumb":{"@id":"https:\/\/www.nimco.hr\/en\/proizvod\/marco-polo\/#breadcrumb"},"inLanguage":"en-US","potentialAction":[{"@type":"ReadAction","target":["https:\/\/www.nimco.hr\/en\/proizvod\/marco-polo\/"]}]},{"@type":"ImageObject","inLanguage":"en-US","@id":"https:\/\/www.nimco.hr\/en\/proizvod\/marco-polo\/#primaryimage","url":"https:\/\/www.nimco.hr\/wp-content\/uploads\/2025\/09\/NIMCO-Marco-Polo-Vinjak-700-ml.jpg","contentUrl":"https:\/\/www.nimco.hr\/wp-content\/uploads\/2025\/09\/NIMCO-Marco-Polo-Vinjak-700-ml.jpg","width":1200,"height":1200},{"@type":"BreadcrumbList","@id":"https:\/\/www.nimco.hr\/en\/proizvod\/marco-polo\/#breadcrumb","itemListElement":[{"@type":"ListItem","position":1,"name":"Po\u010detna stranica","item":"https:\/\/www.nimco.hr\/en\/"},{"@type":"ListItem","position":2,"name":"Shop","item":"https:\/\/www.nimco.hr\/shop\/"},{"@type":"ListItem","position":3,"name":"MARCO POLO"}]},{"@type":"WebSite","@id":"https:\/\/www.nimco.hr\/#website","url":"https:\/\/www.nimco.hr\/","name":"Nimco","description":"Hrvatski proizvo\u0111a\u010d jakih alkoholnih pi\u0107a","publisher":{"@id":"https:\/\/www.nimco.hr\/#organization"},"potentialAction":[{"@type":"SearchAction","target":{"@type":"EntryPoint","urlTemplate":"https:\/\/www.nimco.hr\/?s={search_term_string}"},"query-input":{"@type":"PropertyValueSpecification","valueRequired":true,"valueName":"search_term_string"}}],"inLanguage":"en-US"},{"@type":"Organization","@id":"https:\/\/www.nimco.hr\/#organization","name":"Nimco","url":"https:\/\/www.nimco.hr\/","logo":{"@type":"ImageObject","inLanguage":"en-US","@id":"https:\/\/www.nimco.hr\/#\/schema\/logo\/image\/","url":"https:\/\/www.nimco.hr\/wp-content\/uploads\/2025\/09\/Nimco_oker_logo.svg","contentUrl":"https:\/\/www.nimco.hr\/wp-content\/uploads\/2025\/09\/Nimco_oker_logo.svg","width":100,"height":100,"caption":"Nimco"},"image":{"@id":"https:\/\/www.nimco.hr\/#\/schema\/logo\/image\/"},"sameAs":["https:\/\/www.facebook.com\/nimcobrands","https:\/\/www.instagram.com\/nimco_brands_liqueurs\/"]}]}},"_links":{"self":[{"href":"https:\/\/www.nimco.hr\/en\/wp-json\/wp\/v2\/product\/2374","targetHints":{"allow":["GET"]}}],"collection":[{"href":"https:\/\/www.nimco.hr\/en\/wp-json\/wp\/v2\/product"}],"about":[{"href":"https:\/\/www.nimco.hr\/en\/wp-json\/wp\/v2\/types\/product"}],"wp:featuredmedia":[{"embeddable":true,"href":"https:\/\/www.nimco.hr\/en\/wp-json\/wp\/v2\/media\/2368"}],"wp:attachment":[{"href":"https:\/\/www.nimco.hr\/en\/wp-json\/wp\/v2\/media?parent=2374"}],"wp:term":[{"taxonomy":"product_brand","embeddable":true,"href":"https:\/\/www.nimco.hr\/en\/wp-json\/wp\/v2\/product_brand?post=2374"},{"taxonomy":"product_cat","embeddable":true,"href":"https:\/\/www.nimco.hr\/en\/wp-json\/wp\/v2\/product_cat?post=2374"},{"taxonomy":"product_tag","embeddable":true,"href":"https:\/\/www.nimco.hr\/en\/wp-json\/wp\/v2\/product_tag?post=2374"}],"curies":[{"name":"wp","href":"https:\/\/api.w.org\/{rel}","templated":true}]}}