{"id":2433,"date":"2025-09-08T07:54:54","date_gmt":"2025-09-08T07:54:54","guid":{"rendered":"https:\/\/www.nimco.hr\/proizvod\/five-corners\/"},"modified":"2025-09-30T07:13:27","modified_gmt":"2025-09-30T07:13:27","slug":"five-corners","status":"publish","type":"product","link":"https:\/\/www.nimco.hr\/en\/proizvod\/five-corners\/","title":{"rendered":"FIVE CORNERS"},"content":{"rendered":"<h2>SURPRISE!<\/h2>\n<p>Five Corners is a color-changing gin. All you need is a glass, Five Corners and some lemon or acidic tonic water. What you get in return is magic. For all for whom normal is not enough, Five Corners gin will be a real revelation. A welcome drink and a topic to start a conversation.<\/p>\n<p><em>\u201cWe had an abundance of fruit in Honolulu, of course. Oranges, pine-apples, bananas, strawberries, lemons, limes, mangoes, guavas, melons, and a rare and curious luxury called the\u00a0<strong>che<\/strong><strong>rimoya<\/strong>, which is deliciousness itself. \u201c<\/em><\/p>\n<p><em>Mark Twain, Roughing It, 1872.<\/em><\/p>\n<h2>SELECTED INGREDIENTS<\/h2>\n<p>To create a gin of exceptional quality, we use only color-sorted class A juniper berries. This means that we use the largest and sweetest berries, fully ripe, which will give all the fullness of taste that we expect from premium quality gin.<\/p>\n<h2>THE MOST DELICIOUS FRUIT<\/h2>\n<p>The dominant taste of juniper is seasoned with the most tasteful fruit in the world, cherimoya, which we cannot describe worthily without tasting it. Back in 1872, Mark Twain described cherimoya as the most delicious fruit known to man. The characteristic aroma of cherimoya resembles a mixture of pineapple and banana aromas.<\/p>\n<h2>APPEARANCE IS IMPORTANT<\/h2>\n<p>The electric blue color of Five Corners gin is completely natural, and it is due to the flowers of butterfly pea, which, in addition to color, give an aroma similar to black tea. Sparkling in design and character, Five Corners provides a special experience by\u00a0<a href=\"https:\/\/www.nimco.hr\/wp-content\/uploads\/2021\/03\/Nimco-Five-Corners-5.jpg\" target=\"_blank\" rel=\"noopener\">serving<\/a>\u00a0in front of the guest due to the gentle effect of color change from blue to pink when adding tonic water.<\/p>\n<h2>TAKE CARE OF FIVE CORNERS GIN<\/h2>\n<p>Organic colors do not last forever, and they are most quickly destroyed by heat and light. Five Corners does not contain preservatives or chemical stabilizers. To preserve the natural blue as long as possible, store Five Corners in a dark and cool place.<\/p>\n<h2>A SHOT OF BLUE<\/h2>\n<p>Innovation made on bottle closure provides another shot of organic blue color when bottle is opened. That way even if the color already faded away in the bottle, a consumer would get freshly colored gin when the closure is opened. A fresh shot of blue will again be able to turn pink when acidic tonic is added to the gin.<\/p>\n<h2>FIVE CORNERS GIN QUALITY AWARDS<\/h2>\n<ul>\n<li>Winner of silver medal at San Francisco World Spirits Competition 2018<\/li>\n<li>Winner of gold medal at Stuttgart International Spirits Competition 2018<\/li>\n<li>Winner of silver medal at Dionizijana 2017<\/li>\n<\/ul>\n","protected":false},"excerpt":{"rendered":"<p><strong>\u2705 The first gin that changes color<\/strong><br \/>\n<strong>\u2705 The ideal base for premium Gin &amp; Tonic<\/strong><br \/>\n<strong>\u2705 For those who love tradition but appreciate innovation<\/strong><\/p>\n<p>From the bottle\u2019s carefully designed sparkling character reflected in its name, to unique ingredients like cherimoya \u2013 a fruit so distinctive it must be tasted to be believed \u2013 and the natural color of butterfly pea flower, this gin is truly special. Five Corners\u2019 greatest feature is its ability to turn each of us into the most imaginative bartender.<\/p>\n","protected":false},"featured_media":2427,"template":"","meta":{"_acf_changed":false},"product_brand":[],"product_cat":[237,16],"product_tag":[143,22,146,17,190,168,32,171,33,25,198,26],"class_list":{"0":"post-2433","1":"product","2":"type-product","3":"status-publish","4":"has-post-thumbnail","6":"product_cat-products","7":"product_cat-proizvodi","8":"product_tag-50-ml","10":"product_tag-700-ml","12":"product_tag-award-winning-spirits-2","13":"product_tag-five-corners","15":"product_tag-gin","17":"product_tag-nagradivani-proizvodi","18":"product_tag-premium-products-2","19":"product_tag-premium-proizvodi","21":"first","22":"outofstock","23":"featured","24":"taxable","25":"shipping-taxable","26":"purchasable","27":"product-type-variable"},"acf":[],"yoast_head":"<!-- This site is optimized with the Yoast SEO plugin v27.3 - https:\/\/yoast.com\/product\/yoast-seo-wordpress\/ -->\n<title>FIVE CORNERS - Nimco<\/title>\n<meta name=\"robots\" content=\"index, follow, max-snippet:-1, max-image-preview:large, max-video-preview:-1\" \/>\n<link rel=\"canonical\" href=\"https:\/\/www.nimco.hr\/proizvod\/five-corners\/\" \/>\n<meta property=\"og:locale\" content=\"en_US\" \/>\n<meta property=\"og:type\" content=\"article\" \/>\n<meta property=\"og:title\" content=\"FIVE CORNERS - Nimco\" \/>\n<meta property=\"og:description\" content=\"\u2705 The first gin that changes color \u2705 The ideal base for premium Gin &amp; Tonic \u2705 For those who love tradition but appreciate innovation  From the bottle\u2019s carefully designed sparkling character reflected in its name, to unique ingredients like cherimoya \u2013 a fruit so distinctive it must be tasted to be believed \u2013 and the natural color of butterfly pea flower, this gin is truly special. Five Corners\u2019 greatest feature is its ability to turn each of us into the most imaginative bartender.\" \/>\n<meta property=\"og:url\" content=\"https:\/\/www.nimco.hr\/proizvod\/five-corners\/\" \/>\n<meta property=\"og:site_name\" content=\"Nimco\" \/>\n<meta property=\"article:publisher\" content=\"https:\/\/www.facebook.com\/nimcobrands\" \/>\n<meta property=\"article:modified_time\" content=\"2025-09-30T07:13:27+00:00\" \/>\n<meta property=\"og:image\" content=\"https:\/\/www.nimco.hr\/wp-content\/uploads\/2025\/09\/NIMCO-Gin-5-casa.jpg\" \/>\n\t<meta property=\"og:image:width\" content=\"1200\" \/>\n\t<meta property=\"og:image:height\" content=\"1200\" \/>\n\t<meta property=\"og:image:type\" content=\"image\/jpeg\" \/>\n<meta name=\"twitter:card\" content=\"summary_large_image\" \/>\n<meta name=\"twitter:label1\" content=\"Est. reading time\" \/>\n\t<meta name=\"twitter:data1\" content=\"2 minutes\" \/>\n<script type=\"application\/ld+json\" class=\"yoast-schema-graph\">{\"@context\":\"https:\\\/\\\/schema.org\",\"@graph\":[{\"@type\":\"WebPage\",\"@id\":\"https:\\\/\\\/www.nimco.hr\\\/proizvod\\\/five-corners\\\/\",\"url\":\"https:\\\/\\\/www.nimco.hr\\\/proizvod\\\/five-corners\\\/\",\"name\":\"FIVE CORNERS - Nimco\",\"isPartOf\":{\"@id\":\"https:\\\/\\\/www.nimco.hr\\\/#website\"},\"primaryImageOfPage\":{\"@id\":\"https:\\\/\\\/www.nimco.hr\\\/proizvod\\\/five-corners\\\/#primaryimage\"},\"image\":{\"@id\":\"https:\\\/\\\/www.nimco.hr\\\/proizvod\\\/five-corners\\\/#primaryimage\"},\"thumbnailUrl\":\"https:\\\/\\\/www.nimco.hr\\\/wp-content\\\/uploads\\\/2025\\\/09\\\/NIMCO-Gin-5-casa.jpg\",\"datePublished\":\"2025-09-08T07:54:54+00:00\",\"dateModified\":\"2025-09-30T07:13:27+00:00\",\"breadcrumb\":{\"@id\":\"https:\\\/\\\/www.nimco.hr\\\/proizvod\\\/five-corners\\\/#breadcrumb\"},\"inLanguage\":\"en-US\",\"potentialAction\":[{\"@type\":\"ReadAction\",\"target\":[\"https:\\\/\\\/www.nimco.hr\\\/proizvod\\\/five-corners\\\/\"]}]},{\"@type\":\"ImageObject\",\"inLanguage\":\"en-US\",\"@id\":\"https:\\\/\\\/www.nimco.hr\\\/proizvod\\\/five-corners\\\/#primaryimage\",\"url\":\"https:\\\/\\\/www.nimco.hr\\\/wp-content\\\/uploads\\\/2025\\\/09\\\/NIMCO-Gin-5-casa.jpg\",\"contentUrl\":\"https:\\\/\\\/www.nimco.hr\\\/wp-content\\\/uploads\\\/2025\\\/09\\\/NIMCO-Gin-5-casa.jpg\",\"width\":1200,\"height\":1200},{\"@type\":\"BreadcrumbList\",\"@id\":\"https:\\\/\\\/www.nimco.hr\\\/proizvod\\\/five-corners\\\/#breadcrumb\",\"itemListElement\":[{\"@type\":\"ListItem\",\"position\":1,\"name\":\"Po\u010detna stranica\",\"item\":\"https:\\\/\\\/www.nimco.hr\\\/en\\\/\"},{\"@type\":\"ListItem\",\"position\":2,\"name\":\"Shop\",\"item\":\"https:\\\/\\\/www.nimco.hr\\\/shop\\\/\"},{\"@type\":\"ListItem\",\"position\":3,\"name\":\"FIVE CORNERS\"}]},{\"@type\":\"WebSite\",\"@id\":\"https:\\\/\\\/www.nimco.hr\\\/#website\",\"url\":\"https:\\\/\\\/www.nimco.hr\\\/\",\"name\":\"Nimco\",\"description\":\"Hrvatski proizvo\u0111a\u010d jakih alkoholnih pi\u0107a\",\"publisher\":{\"@id\":\"https:\\\/\\\/www.nimco.hr\\\/#organization\"},\"potentialAction\":[{\"@type\":\"SearchAction\",\"target\":{\"@type\":\"EntryPoint\",\"urlTemplate\":\"https:\\\/\\\/www.nimco.hr\\\/?s={search_term_string}\"},\"query-input\":{\"@type\":\"PropertyValueSpecification\",\"valueRequired\":true,\"valueName\":\"search_term_string\"}}],\"inLanguage\":\"en-US\"},{\"@type\":\"Organization\",\"@id\":\"https:\\\/\\\/www.nimco.hr\\\/#organization\",\"name\":\"Nimco\",\"url\":\"https:\\\/\\\/www.nimco.hr\\\/\",\"logo\":{\"@type\":\"ImageObject\",\"inLanguage\":\"en-US\",\"@id\":\"https:\\\/\\\/www.nimco.hr\\\/#\\\/schema\\\/logo\\\/image\\\/\",\"url\":\"https:\\\/\\\/www.nimco.hr\\\/wp-content\\\/uploads\\\/2025\\\/09\\\/Nimco_oker_logo.svg\",\"contentUrl\":\"https:\\\/\\\/www.nimco.hr\\\/wp-content\\\/uploads\\\/2025\\\/09\\\/Nimco_oker_logo.svg\",\"width\":100,\"height\":100,\"caption\":\"Nimco\"},\"image\":{\"@id\":\"https:\\\/\\\/www.nimco.hr\\\/#\\\/schema\\\/logo\\\/image\\\/\"},\"sameAs\":[\"https:\\\/\\\/www.facebook.com\\\/nimcobrands\",\"https:\\\/\\\/www.instagram.com\\\/nimco_brands_liqueurs\\\/\"]}]}<\/script>\n<!-- \/ Yoast SEO plugin. -->","yoast_head_json":{"title":"FIVE CORNERS - Nimco","robots":{"index":"index","follow":"follow","max-snippet":"max-snippet:-1","max-image-preview":"max-image-preview:large","max-video-preview":"max-video-preview:-1"},"canonical":"https:\/\/www.nimco.hr\/proizvod\/five-corners\/","og_locale":"en_US","og_type":"article","og_title":"FIVE CORNERS - Nimco","og_description":"\u2705 The first gin that changes color \u2705 The ideal base for premium Gin &amp; Tonic \u2705 For those who love tradition but appreciate innovation  From the bottle\u2019s carefully designed sparkling character reflected in its name, to unique ingredients like cherimoya \u2013 a fruit so distinctive it must be tasted to be believed \u2013 and the natural color of butterfly pea flower, this gin is truly special. Five Corners\u2019 greatest feature is its ability to turn each of us into the most imaginative bartender.","og_url":"https:\/\/www.nimco.hr\/proizvod\/five-corners\/","og_site_name":"Nimco","article_publisher":"https:\/\/www.facebook.com\/nimcobrands","article_modified_time":"2025-09-30T07:13:27+00:00","og_image":[{"width":1200,"height":1200,"url":"https:\/\/www.nimco.hr\/wp-content\/uploads\/2025\/09\/NIMCO-Gin-5-casa.jpg","type":"image\/jpeg"}],"twitter_card":"summary_large_image","twitter_misc":{"Est. reading time":"2 minutes"},"schema":{"@context":"https:\/\/schema.org","@graph":[{"@type":"WebPage","@id":"https:\/\/www.nimco.hr\/proizvod\/five-corners\/","url":"https:\/\/www.nimco.hr\/proizvod\/five-corners\/","name":"FIVE CORNERS - Nimco","isPartOf":{"@id":"https:\/\/www.nimco.hr\/#website"},"primaryImageOfPage":{"@id":"https:\/\/www.nimco.hr\/proizvod\/five-corners\/#primaryimage"},"image":{"@id":"https:\/\/www.nimco.hr\/proizvod\/five-corners\/#primaryimage"},"thumbnailUrl":"https:\/\/www.nimco.hr\/wp-content\/uploads\/2025\/09\/NIMCO-Gin-5-casa.jpg","datePublished":"2025-09-08T07:54:54+00:00","dateModified":"2025-09-30T07:13:27+00:00","breadcrumb":{"@id":"https:\/\/www.nimco.hr\/proizvod\/five-corners\/#breadcrumb"},"inLanguage":"en-US","potentialAction":[{"@type":"ReadAction","target":["https:\/\/www.nimco.hr\/proizvod\/five-corners\/"]}]},{"@type":"ImageObject","inLanguage":"en-US","@id":"https:\/\/www.nimco.hr\/proizvod\/five-corners\/#primaryimage","url":"https:\/\/www.nimco.hr\/wp-content\/uploads\/2025\/09\/NIMCO-Gin-5-casa.jpg","contentUrl":"https:\/\/www.nimco.hr\/wp-content\/uploads\/2025\/09\/NIMCO-Gin-5-casa.jpg","width":1200,"height":1200},{"@type":"BreadcrumbList","@id":"https:\/\/www.nimco.hr\/proizvod\/five-corners\/#breadcrumb","itemListElement":[{"@type":"ListItem","position":1,"name":"Po\u010detna stranica","item":"https:\/\/www.nimco.hr\/en\/"},{"@type":"ListItem","position":2,"name":"Shop","item":"https:\/\/www.nimco.hr\/shop\/"},{"@type":"ListItem","position":3,"name":"FIVE CORNERS"}]},{"@type":"WebSite","@id":"https:\/\/www.nimco.hr\/#website","url":"https:\/\/www.nimco.hr\/","name":"Nimco","description":"Hrvatski proizvo\u0111a\u010d jakih alkoholnih pi\u0107a","publisher":{"@id":"https:\/\/www.nimco.hr\/#organization"},"potentialAction":[{"@type":"SearchAction","target":{"@type":"EntryPoint","urlTemplate":"https:\/\/www.nimco.hr\/?s={search_term_string}"},"query-input":{"@type":"PropertyValueSpecification","valueRequired":true,"valueName":"search_term_string"}}],"inLanguage":"en-US"},{"@type":"Organization","@id":"https:\/\/www.nimco.hr\/#organization","name":"Nimco","url":"https:\/\/www.nimco.hr\/","logo":{"@type":"ImageObject","inLanguage":"en-US","@id":"https:\/\/www.nimco.hr\/#\/schema\/logo\/image\/","url":"https:\/\/www.nimco.hr\/wp-content\/uploads\/2025\/09\/Nimco_oker_logo.svg","contentUrl":"https:\/\/www.nimco.hr\/wp-content\/uploads\/2025\/09\/Nimco_oker_logo.svg","width":100,"height":100,"caption":"Nimco"},"image":{"@id":"https:\/\/www.nimco.hr\/#\/schema\/logo\/image\/"},"sameAs":["https:\/\/www.facebook.com\/nimcobrands","https:\/\/www.instagram.com\/nimco_brands_liqueurs\/"]}]}},"_links":{"self":[{"href":"https:\/\/www.nimco.hr\/en\/wp-json\/wp\/v2\/product\/2433","targetHints":{"allow":["GET"]}}],"collection":[{"href":"https:\/\/www.nimco.hr\/en\/wp-json\/wp\/v2\/product"}],"about":[{"href":"https:\/\/www.nimco.hr\/en\/wp-json\/wp\/v2\/types\/product"}],"wp:featuredmedia":[{"embeddable":true,"href":"https:\/\/www.nimco.hr\/en\/wp-json\/wp\/v2\/media\/2427"}],"wp:attachment":[{"href":"https:\/\/www.nimco.hr\/en\/wp-json\/wp\/v2\/media?parent=2433"}],"wp:term":[{"taxonomy":"product_brand","embeddable":true,"href":"https:\/\/www.nimco.hr\/en\/wp-json\/wp\/v2\/product_brand?post=2433"},{"taxonomy":"product_cat","embeddable":true,"href":"https:\/\/www.nimco.hr\/en\/wp-json\/wp\/v2\/product_cat?post=2433"},{"taxonomy":"product_tag","embeddable":true,"href":"https:\/\/www.nimco.hr\/en\/wp-json\/wp\/v2\/product_tag?post=2433"}],"curies":[{"name":"wp","href":"https:\/\/api.w.org\/{rel}","templated":true}]}}