{"id":2449,"date":"2025-09-08T07:54:54","date_gmt":"2025-09-08T07:54:54","guid":{"rendered":"https:\/\/www.nimco.hr\/proizvod\/five-corners-gt-glass\/"},"modified":"2025-09-30T07:13:08","modified_gmt":"2025-09-30T07:13:08","slug":"five-corners-gt-glass","status":"publish","type":"product","link":"https:\/\/www.nimco.hr\/en\/proizvod\/five-corners-gt-glass\/","title":{"rendered":"FIVE CORNERS G&#038;T GLASS"},"content":{"rendered":"<h3 data-placeholder=\"Translation\">FIVE CORNERS G&amp;T GLASS<\/h3>\n<p>The\u00a0<a href=\"https:\/\/www.nimco.hr\/en\/product\/five-corners-gin-en\/\">Five Corners<\/a>\u00a0G&amp;T glass is part of the Bormioli Rocco Incontri collection, where every detail of its components carries a note of sophistication and elegance. Incontri is therefore the perfect collection that makes every moment unique.<\/p>\n<p>The glass has a capacity of 43 cl and is ideal for serving gin and tonic, water, as well as white and red wine.<\/p>\n<p>Like other glasses in the collection, it features gentle and wide surfaces that make it original and unmistakable.<\/p>\n<p>A very even and linear rim is achieved using laser cutting technology. This technology improves product quality and is specially designed to meet the needs of professionals and high-quality beverage tasting.<\/p>\n<p>Star Glass is an exclusive lead-free chemical composition that provides exceptionally clear and ultra-pure glass. The very limited presence of impurities and color shades makes Star Glass comparable to crystal in terms of clarity, yet lighter and more practical.<\/p>\n<p>The stem of the glass is engraved with the\u00a0<a href=\"https:\/\/www.nimco.hr\/en\/product\/five-corners-gin-en\/\">Five Corners<\/a>\u00a0premium gin logo.<\/p>\n<p>This glass is dishwasher safe.<\/p>\n","protected":false},"excerpt":{"rendered":"<p><strong>\u2705 Designed for the perfect Gin &amp; Tonic<\/strong><br \/>\n<strong>\u2705 Elegant and modern appearance<\/strong><br \/>\n<strong>\u2705 Durable glass of premium quality<\/strong><\/p>\n<p>The Five Corners G&amp;T glass stands out with its gentle and wide surfaces that make it original and unmistakable. It is ideal for serving gin and tonic, water, as well as white and red wine.<\/p>\n","protected":false},"featured_media":2443,"template":"","meta":{"_acf_changed":false},"product_brand":[],"product_cat":[236,77],"product_tag":[166,78,79,32,168,211],"class_list":{"0":"post-2449","1":"product","2":"type-product","3":"status-publish","4":"has-post-thumbnail","6":"product_cat-accessories","7":"product_cat-dodaci","8":"product_tag-accessories-2","9":"product_tag-case","10":"product_tag-dodatna-oprema","11":"product_tag-five-corners","13":"product_tag-glass-2","15":"first","16":"outofstock","17":"taxable","18":"shipping-taxable","19":"purchasable","20":"product-type-variable"},"acf":[],"yoast_head":"<!-- This site is optimized with the Yoast SEO plugin v27.3 - https:\/\/yoast.com\/product\/yoast-seo-wordpress\/ -->\n<title>FIVE CORNERS G&amp;T GLASS - Nimco<\/title>\n<meta name=\"robots\" content=\"index, follow, max-snippet:-1, max-image-preview:large, max-video-preview:-1\" \/>\n<link rel=\"canonical\" href=\"https:\/\/www.nimco.hr\/proizvod\/five-corners-gt-casa\/\" \/>\n<meta property=\"og:locale\" content=\"en_US\" \/>\n<meta property=\"og:type\" content=\"article\" \/>\n<meta property=\"og:title\" content=\"FIVE CORNERS G&amp;T GLASS - Nimco\" \/>\n<meta property=\"og:description\" content=\"\u2705 Designed for the perfect Gin &amp; Tonic \u2705 Elegant and modern appearance \u2705 Durable glass of premium quality  The Five Corners G&amp;T glass stands out with its gentle and wide surfaces that make it original and unmistakable. It is ideal for serving gin and tonic, water, as well as white and red wine.\" \/>\n<meta property=\"og:url\" content=\"https:\/\/www.nimco.hr\/proizvod\/five-corners-gt-casa\/\" \/>\n<meta property=\"og:site_name\" content=\"Nimco\" \/>\n<meta property=\"article:publisher\" content=\"https:\/\/www.facebook.com\/nimcobrands\" \/>\n<meta property=\"article:modified_time\" content=\"2025-09-30T07:13:08+00:00\" \/>\n<meta property=\"og:image\" content=\"https:\/\/www.nimco.hr\/wp-content\/uploads\/2025\/09\/Five-Corners-GT-Casa.jpg\" \/>\n\t<meta property=\"og:image:width\" content=\"1200\" \/>\n\t<meta property=\"og:image:height\" content=\"1200\" \/>\n\t<meta property=\"og:image:type\" content=\"image\/jpeg\" \/>\n<meta name=\"twitter:card\" content=\"summary_large_image\" \/>\n<meta name=\"twitter:label1\" content=\"Est. reading time\" \/>\n\t<meta name=\"twitter:data1\" content=\"1 minute\" \/>\n<script type=\"application\/ld+json\" class=\"yoast-schema-graph\">{\"@context\":\"https:\\\/\\\/schema.org\",\"@graph\":[{\"@type\":\"WebPage\",\"@id\":\"https:\\\/\\\/www.nimco.hr\\\/proizvod\\\/five-corners-gt-casa\\\/\",\"url\":\"https:\\\/\\\/www.nimco.hr\\\/proizvod\\\/five-corners-gt-casa\\\/\",\"name\":\"FIVE CORNERS G&T GLASS - Nimco\",\"isPartOf\":{\"@id\":\"https:\\\/\\\/www.nimco.hr\\\/#website\"},\"primaryImageOfPage\":{\"@id\":\"https:\\\/\\\/www.nimco.hr\\\/proizvod\\\/five-corners-gt-casa\\\/#primaryimage\"},\"image\":{\"@id\":\"https:\\\/\\\/www.nimco.hr\\\/proizvod\\\/five-corners-gt-casa\\\/#primaryimage\"},\"thumbnailUrl\":\"https:\\\/\\\/www.nimco.hr\\\/wp-content\\\/uploads\\\/2025\\\/09\\\/Five-Corners-GT-Casa.jpg\",\"datePublished\":\"2025-09-08T07:54:54+00:00\",\"dateModified\":\"2025-09-30T07:13:08+00:00\",\"breadcrumb\":{\"@id\":\"https:\\\/\\\/www.nimco.hr\\\/proizvod\\\/five-corners-gt-casa\\\/#breadcrumb\"},\"inLanguage\":\"en-US\",\"potentialAction\":[{\"@type\":\"ReadAction\",\"target\":[\"https:\\\/\\\/www.nimco.hr\\\/proizvod\\\/five-corners-gt-casa\\\/\"]}]},{\"@type\":\"ImageObject\",\"inLanguage\":\"en-US\",\"@id\":\"https:\\\/\\\/www.nimco.hr\\\/proizvod\\\/five-corners-gt-casa\\\/#primaryimage\",\"url\":\"https:\\\/\\\/www.nimco.hr\\\/wp-content\\\/uploads\\\/2025\\\/09\\\/Five-Corners-GT-Casa.jpg\",\"contentUrl\":\"https:\\\/\\\/www.nimco.hr\\\/wp-content\\\/uploads\\\/2025\\\/09\\\/Five-Corners-GT-Casa.jpg\",\"width\":1200,\"height\":1200},{\"@type\":\"BreadcrumbList\",\"@id\":\"https:\\\/\\\/www.nimco.hr\\\/proizvod\\\/five-corners-gt-casa\\\/#breadcrumb\",\"itemListElement\":[{\"@type\":\"ListItem\",\"position\":1,\"name\":\"Po\u010detna stranica\",\"item\":\"https:\\\/\\\/www.nimco.hr\\\/en\\\/\"},{\"@type\":\"ListItem\",\"position\":2,\"name\":\"Shop\",\"item\":\"https:\\\/\\\/www.nimco.hr\\\/shop\\\/\"},{\"@type\":\"ListItem\",\"position\":3,\"name\":\"FIVE CORNERS G&#038;T GLASS\"}]},{\"@type\":\"WebSite\",\"@id\":\"https:\\\/\\\/www.nimco.hr\\\/#website\",\"url\":\"https:\\\/\\\/www.nimco.hr\\\/\",\"name\":\"Nimco\",\"description\":\"Hrvatski proizvo\u0111a\u010d jakih alkoholnih pi\u0107a\",\"publisher\":{\"@id\":\"https:\\\/\\\/www.nimco.hr\\\/#organization\"},\"potentialAction\":[{\"@type\":\"SearchAction\",\"target\":{\"@type\":\"EntryPoint\",\"urlTemplate\":\"https:\\\/\\\/www.nimco.hr\\\/?s={search_term_string}\"},\"query-input\":{\"@type\":\"PropertyValueSpecification\",\"valueRequired\":true,\"valueName\":\"search_term_string\"}}],\"inLanguage\":\"en-US\"},{\"@type\":\"Organization\",\"@id\":\"https:\\\/\\\/www.nimco.hr\\\/#organization\",\"name\":\"Nimco\",\"url\":\"https:\\\/\\\/www.nimco.hr\\\/\",\"logo\":{\"@type\":\"ImageObject\",\"inLanguage\":\"en-US\",\"@id\":\"https:\\\/\\\/www.nimco.hr\\\/#\\\/schema\\\/logo\\\/image\\\/\",\"url\":\"https:\\\/\\\/www.nimco.hr\\\/wp-content\\\/uploads\\\/2025\\\/09\\\/Nimco_oker_logo.svg\",\"contentUrl\":\"https:\\\/\\\/www.nimco.hr\\\/wp-content\\\/uploads\\\/2025\\\/09\\\/Nimco_oker_logo.svg\",\"width\":100,\"height\":100,\"caption\":\"Nimco\"},\"image\":{\"@id\":\"https:\\\/\\\/www.nimco.hr\\\/#\\\/schema\\\/logo\\\/image\\\/\"},\"sameAs\":[\"https:\\\/\\\/www.facebook.com\\\/nimcobrands\",\"https:\\\/\\\/www.instagram.com\\\/nimco_brands_liqueurs\\\/\"]}]}<\/script>\n<!-- \/ Yoast SEO plugin. -->","yoast_head_json":{"title":"FIVE CORNERS G&T GLASS - Nimco","robots":{"index":"index","follow":"follow","max-snippet":"max-snippet:-1","max-image-preview":"max-image-preview:large","max-video-preview":"max-video-preview:-1"},"canonical":"https:\/\/www.nimco.hr\/proizvod\/five-corners-gt-casa\/","og_locale":"en_US","og_type":"article","og_title":"FIVE CORNERS G&T GLASS - Nimco","og_description":"\u2705 Designed for the perfect Gin &amp; Tonic \u2705 Elegant and modern appearance \u2705 Durable glass of premium quality  The Five Corners G&amp;T glass stands out with its gentle and wide surfaces that make it original and unmistakable. It is ideal for serving gin and tonic, water, as well as white and red wine.","og_url":"https:\/\/www.nimco.hr\/proizvod\/five-corners-gt-casa\/","og_site_name":"Nimco","article_publisher":"https:\/\/www.facebook.com\/nimcobrands","article_modified_time":"2025-09-30T07:13:08+00:00","og_image":[{"width":1200,"height":1200,"url":"https:\/\/www.nimco.hr\/wp-content\/uploads\/2025\/09\/Five-Corners-GT-Casa.jpg","type":"image\/jpeg"}],"twitter_card":"summary_large_image","twitter_misc":{"Est. reading time":"1 minute"},"schema":{"@context":"https:\/\/schema.org","@graph":[{"@type":"WebPage","@id":"https:\/\/www.nimco.hr\/proizvod\/five-corners-gt-casa\/","url":"https:\/\/www.nimco.hr\/proizvod\/five-corners-gt-casa\/","name":"FIVE CORNERS G&T GLASS - Nimco","isPartOf":{"@id":"https:\/\/www.nimco.hr\/#website"},"primaryImageOfPage":{"@id":"https:\/\/www.nimco.hr\/proizvod\/five-corners-gt-casa\/#primaryimage"},"image":{"@id":"https:\/\/www.nimco.hr\/proizvod\/five-corners-gt-casa\/#primaryimage"},"thumbnailUrl":"https:\/\/www.nimco.hr\/wp-content\/uploads\/2025\/09\/Five-Corners-GT-Casa.jpg","datePublished":"2025-09-08T07:54:54+00:00","dateModified":"2025-09-30T07:13:08+00:00","breadcrumb":{"@id":"https:\/\/www.nimco.hr\/proizvod\/five-corners-gt-casa\/#breadcrumb"},"inLanguage":"en-US","potentialAction":[{"@type":"ReadAction","target":["https:\/\/www.nimco.hr\/proizvod\/five-corners-gt-casa\/"]}]},{"@type":"ImageObject","inLanguage":"en-US","@id":"https:\/\/www.nimco.hr\/proizvod\/five-corners-gt-casa\/#primaryimage","url":"https:\/\/www.nimco.hr\/wp-content\/uploads\/2025\/09\/Five-Corners-GT-Casa.jpg","contentUrl":"https:\/\/www.nimco.hr\/wp-content\/uploads\/2025\/09\/Five-Corners-GT-Casa.jpg","width":1200,"height":1200},{"@type":"BreadcrumbList","@id":"https:\/\/www.nimco.hr\/proizvod\/five-corners-gt-casa\/#breadcrumb","itemListElement":[{"@type":"ListItem","position":1,"name":"Po\u010detna stranica","item":"https:\/\/www.nimco.hr\/en\/"},{"@type":"ListItem","position":2,"name":"Shop","item":"https:\/\/www.nimco.hr\/shop\/"},{"@type":"ListItem","position":3,"name":"FIVE CORNERS G&#038;T GLASS"}]},{"@type":"WebSite","@id":"https:\/\/www.nimco.hr\/#website","url":"https:\/\/www.nimco.hr\/","name":"Nimco","description":"Hrvatski proizvo\u0111a\u010d jakih alkoholnih pi\u0107a","publisher":{"@id":"https:\/\/www.nimco.hr\/#organization"},"potentialAction":[{"@type":"SearchAction","target":{"@type":"EntryPoint","urlTemplate":"https:\/\/www.nimco.hr\/?s={search_term_string}"},"query-input":{"@type":"PropertyValueSpecification","valueRequired":true,"valueName":"search_term_string"}}],"inLanguage":"en-US"},{"@type":"Organization","@id":"https:\/\/www.nimco.hr\/#organization","name":"Nimco","url":"https:\/\/www.nimco.hr\/","logo":{"@type":"ImageObject","inLanguage":"en-US","@id":"https:\/\/www.nimco.hr\/#\/schema\/logo\/image\/","url":"https:\/\/www.nimco.hr\/wp-content\/uploads\/2025\/09\/Nimco_oker_logo.svg","contentUrl":"https:\/\/www.nimco.hr\/wp-content\/uploads\/2025\/09\/Nimco_oker_logo.svg","width":100,"height":100,"caption":"Nimco"},"image":{"@id":"https:\/\/www.nimco.hr\/#\/schema\/logo\/image\/"},"sameAs":["https:\/\/www.facebook.com\/nimcobrands","https:\/\/www.instagram.com\/nimco_brands_liqueurs\/"]}]}},"_links":{"self":[{"href":"https:\/\/www.nimco.hr\/en\/wp-json\/wp\/v2\/product\/2449","targetHints":{"allow":["GET"]}}],"collection":[{"href":"https:\/\/www.nimco.hr\/en\/wp-json\/wp\/v2\/product"}],"about":[{"href":"https:\/\/www.nimco.hr\/en\/wp-json\/wp\/v2\/types\/product"}],"wp:featuredmedia":[{"embeddable":true,"href":"https:\/\/www.nimco.hr\/en\/wp-json\/wp\/v2\/media\/2443"}],"wp:attachment":[{"href":"https:\/\/www.nimco.hr\/en\/wp-json\/wp\/v2\/media?parent=2449"}],"wp:term":[{"taxonomy":"product_brand","embeddable":true,"href":"https:\/\/www.nimco.hr\/en\/wp-json\/wp\/v2\/product_brand?post=2449"},{"taxonomy":"product_cat","embeddable":true,"href":"https:\/\/www.nimco.hr\/en\/wp-json\/wp\/v2\/product_cat?post=2449"},{"taxonomy":"product_tag","embeddable":true,"href":"https:\/\/www.nimco.hr\/en\/wp-json\/wp\/v2\/product_tag?post=2449"}],"curies":[{"name":"wp","href":"https:\/\/api.w.org\/{rel}","templated":true}]}}