{"id":2456,"date":"2025-09-08T07:54:54","date_gmt":"2025-09-08T07:54:54","guid":{"rendered":"https:\/\/www.nimco.hr\/proizvod\/moretto-borovnicka\/"},"modified":"2025-12-01T07:46:50","modified_gmt":"2025-12-01T07:46:50","slug":"moretto-borovnicka","status":"publish","type":"product","link":"https:\/\/www.nimco.hr\/en\/proizvod\/moretto-borovnicka\/","title":{"rendered":"MORETTO BOROVNICKA"},"content":{"rendered":"<h2>MORETTO BOROVNICKA<\/h2>\n<p>Moretto Borovni\u010dka stands out with its striking label of horizontal lines and purple-pink shades featuring stylized blueberry elements.<\/p>\n<h2>AMETHYST COLOR<\/h2>\n<p>But the served Borovnicka from the\u00a0<a href=\"https:\/\/www.nimco.hr\/en\/product\/visnjin-grijeh-en\/\" target=\"_blank\" rel=\"noopener\">Moretto line<\/a>\u00a0is recognizable at first sight \u2013 by the perfect color that reflects like an amethyst and the alluring aroma of blueberries. Amethyst has long been known as a stone of nobility. That is why in the past it was highly valued, and even today it remains a symbol of sophistication and beauty. The belief that this stone protects against alcohol dependence dates back to the ancient Greeks. The Greeks and Romans used amethyst against intoxication by putting it in wine diluted with water.<\/p>\n<h2>REAL BERRIES<\/h2>\n<p>At the first look at the bottle, the design itself invites it to open. After pouring into a chilled glass, with a fragrant liquid of irresistible color to the bottom of the glass come down blueberries that, while resting in the bottle, further strengthen this ideal blend of color, flavor and aroma of blueberries, while retaining the pronounced \u2018strength\u2019 of the product itself. This means that every time you open a bottle of Borovnicka, it provides more aroma and more taste.<\/p>\n<h2>SUPERFOOD IN MORETTO BOROVNICKA LIQUEUR<\/h2>\n<p>Blueberries are a true\u00a0<a href=\"https:\/\/www.medicalnewstoday.com\/articles\/287710#nutrition\" target=\"_blank\" rel=\"noopener\">superfood<\/a>: they are full of nutrients and bring numerous health benefits, and at the same time they are calorie poor. Blueberries contain significant amounts of pectin, which lowers cholesterol, and anthocyanins \u2013 one of the strongest antioxidants. It gives blue, purple and red color to fruits and vegetables, and is also thought to reduce the risk of inflammation and cancer.<\/p>\n<h2>BLUEBERRY JUICE<\/h2>\n<p>The artisanal quality in making Moretto Borovnicka liqueur is also reflected in the selection of the highest quality ingredients, the only ones that can provide enough flavor and aroma to such a premium liqueur. One of the most important ingredients is the juice of fresh blueberries, which gives Borovnicka a full and well-rounded taste. Chill Moretto Borovnicka blueberry liqueur well before use. Serve in a fine tasting glass on a rack with a couple of blueberries.<\/p>\n","protected":false},"excerpt":{"rendered":"<p><strong>\u2705 Full aroma of fresh blueberries<\/strong><br \/>\n<strong>\u2705 Ideal balance of flavors<\/strong><br \/>\n<strong>\u2705 Perfect chilled or in cocktails<\/strong><\/p>\n<p>The popularity of blueberry liqueur has remained strong for years. In fact, it is enjoyed both in summer and winter, and although mostly preferred by women, men occasionally cannot resist it either. Moretto Borovni\u010dka is instantly recognizable by its perfect color that reflects like amethyst and by real blueberries.<\/p>\n","protected":false},"featured_media":2452,"template":"","meta":{"_acf_changed":false},"product_brand":[],"product_cat":[237,16],"product_tag":[21,142,143,22,190,34,159,182,19,35,188,25,198,26,20,200],"class_list":{"0":"post-2456","1":"product","2":"type-product","3":"status-publish","4":"has-post-thumbnail","6":"product_cat-products","7":"product_cat-proizvodi","8":"product_tag-1-l","10":"product_tag-50-ml","12":"product_tag-award-winning-spirits-2","13":"product_tag-borovnicka","15":"product_tag-liker","17":"product_tag-moretto","19":"product_tag-nagradivani-proizvodi","20":"product_tag-premium-products-2","21":"product_tag-premium-proizvodi","22":"product_tag-slatki-liker","23":"product_tag-sweet-liqueur","25":"first","26":"instock","27":"taxable","28":"shipping-taxable","29":"purchasable","30":"product-type-variable"},"acf":[],"yoast_head":"<!-- This site is optimized with the Yoast SEO plugin v27.3 - https:\/\/yoast.com\/product\/yoast-seo-wordpress\/ -->\n<title>MORETTO BOROVNICKA - Nimco<\/title>\n<meta name=\"robots\" content=\"index, follow, max-snippet:-1, max-image-preview:large, max-video-preview:-1\" \/>\n<link rel=\"canonical\" href=\"https:\/\/www.nimco.hr\/en\/proizvod\/moretto-borovnicka\/\" \/>\n<meta property=\"og:locale\" content=\"en_US\" \/>\n<meta property=\"og:type\" content=\"article\" \/>\n<meta property=\"og:title\" content=\"MORETTO BOROVNICKA - Nimco\" \/>\n<meta property=\"og:description\" content=\"\u2705 Full aroma of fresh blueberries \u2705 Ideal balance of flavors \u2705 Perfect chilled or in cocktails  The popularity of blueberry liqueur has remained strong for years. In fact, it is enjoyed both in summer and winter, and although mostly preferred by women, men occasionally cannot resist it either. Moretto Borovni\u010dka is instantly recognizable by its perfect color that reflects like amethyst and by real blueberries.\" \/>\n<meta property=\"og:url\" content=\"https:\/\/www.nimco.hr\/en\/proizvod\/moretto-borovnicka\/\" \/>\n<meta property=\"og:site_name\" content=\"Nimco\" \/>\n<meta property=\"article:publisher\" content=\"https:\/\/www.facebook.com\/nimcobrands\" \/>\n<meta property=\"article:modified_time\" content=\"2025-12-01T07:46:50+00:00\" \/>\n<meta property=\"og:image\" content=\"https:\/\/www.nimco.hr\/wp-content\/uploads\/2025\/09\/NIMCO-Moretto-Borovnicka-casa.jpg\" \/>\n\t<meta property=\"og:image:width\" content=\"1200\" \/>\n\t<meta property=\"og:image:height\" content=\"1200\" \/>\n\t<meta property=\"og:image:type\" content=\"image\/jpeg\" \/>\n<meta name=\"twitter:card\" content=\"summary_large_image\" \/>\n<meta name=\"twitter:label1\" content=\"Est. reading time\" \/>\n\t<meta name=\"twitter:data1\" content=\"2 minutes\" \/>\n<script type=\"application\/ld+json\" class=\"yoast-schema-graph\">{\"@context\":\"https:\\\/\\\/schema.org\",\"@graph\":[{\"@type\":\"WebPage\",\"@id\":\"https:\\\/\\\/www.nimco.hr\\\/en\\\/proizvod\\\/moretto-borovnicka\\\/\",\"url\":\"https:\\\/\\\/www.nimco.hr\\\/en\\\/proizvod\\\/moretto-borovnicka\\\/\",\"name\":\"MORETTO BOROVNICKA - Nimco\",\"isPartOf\":{\"@id\":\"https:\\\/\\\/www.nimco.hr\\\/#website\"},\"primaryImageOfPage\":{\"@id\":\"https:\\\/\\\/www.nimco.hr\\\/en\\\/proizvod\\\/moretto-borovnicka\\\/#primaryimage\"},\"image\":{\"@id\":\"https:\\\/\\\/www.nimco.hr\\\/en\\\/proizvod\\\/moretto-borovnicka\\\/#primaryimage\"},\"thumbnailUrl\":\"https:\\\/\\\/www.nimco.hr\\\/wp-content\\\/uploads\\\/2025\\\/09\\\/NIMCO-Moretto-Borovnicka-casa.jpg\",\"datePublished\":\"2025-09-08T07:54:54+00:00\",\"dateModified\":\"2025-12-01T07:46:50+00:00\",\"breadcrumb\":{\"@id\":\"https:\\\/\\\/www.nimco.hr\\\/en\\\/proizvod\\\/moretto-borovnicka\\\/#breadcrumb\"},\"inLanguage\":\"en-US\",\"potentialAction\":[{\"@type\":\"ReadAction\",\"target\":[\"https:\\\/\\\/www.nimco.hr\\\/en\\\/proizvod\\\/moretto-borovnicka\\\/\"]}]},{\"@type\":\"ImageObject\",\"inLanguage\":\"en-US\",\"@id\":\"https:\\\/\\\/www.nimco.hr\\\/en\\\/proizvod\\\/moretto-borovnicka\\\/#primaryimage\",\"url\":\"https:\\\/\\\/www.nimco.hr\\\/wp-content\\\/uploads\\\/2025\\\/09\\\/NIMCO-Moretto-Borovnicka-casa.jpg\",\"contentUrl\":\"https:\\\/\\\/www.nimco.hr\\\/wp-content\\\/uploads\\\/2025\\\/09\\\/NIMCO-Moretto-Borovnicka-casa.jpg\",\"width\":1200,\"height\":1200},{\"@type\":\"BreadcrumbList\",\"@id\":\"https:\\\/\\\/www.nimco.hr\\\/en\\\/proizvod\\\/moretto-borovnicka\\\/#breadcrumb\",\"itemListElement\":[{\"@type\":\"ListItem\",\"position\":1,\"name\":\"Po\u010detna stranica\",\"item\":\"https:\\\/\\\/www.nimco.hr\\\/en\\\/\"},{\"@type\":\"ListItem\",\"position\":2,\"name\":\"Shop\",\"item\":\"https:\\\/\\\/www.nimco.hr\\\/shop\\\/\"},{\"@type\":\"ListItem\",\"position\":3,\"name\":\"MORETTO BOROVNICKA\"}]},{\"@type\":\"WebSite\",\"@id\":\"https:\\\/\\\/www.nimco.hr\\\/#website\",\"url\":\"https:\\\/\\\/www.nimco.hr\\\/\",\"name\":\"Nimco\",\"description\":\"Hrvatski proizvo\u0111a\u010d jakih alkoholnih pi\u0107a\",\"publisher\":{\"@id\":\"https:\\\/\\\/www.nimco.hr\\\/#organization\"},\"potentialAction\":[{\"@type\":\"SearchAction\",\"target\":{\"@type\":\"EntryPoint\",\"urlTemplate\":\"https:\\\/\\\/www.nimco.hr\\\/?s={search_term_string}\"},\"query-input\":{\"@type\":\"PropertyValueSpecification\",\"valueRequired\":true,\"valueName\":\"search_term_string\"}}],\"inLanguage\":\"en-US\"},{\"@type\":\"Organization\",\"@id\":\"https:\\\/\\\/www.nimco.hr\\\/#organization\",\"name\":\"Nimco\",\"url\":\"https:\\\/\\\/www.nimco.hr\\\/\",\"logo\":{\"@type\":\"ImageObject\",\"inLanguage\":\"en-US\",\"@id\":\"https:\\\/\\\/www.nimco.hr\\\/#\\\/schema\\\/logo\\\/image\\\/\",\"url\":\"https:\\\/\\\/www.nimco.hr\\\/wp-content\\\/uploads\\\/2025\\\/09\\\/Nimco_oker_logo.svg\",\"contentUrl\":\"https:\\\/\\\/www.nimco.hr\\\/wp-content\\\/uploads\\\/2025\\\/09\\\/Nimco_oker_logo.svg\",\"width\":100,\"height\":100,\"caption\":\"Nimco\"},\"image\":{\"@id\":\"https:\\\/\\\/www.nimco.hr\\\/#\\\/schema\\\/logo\\\/image\\\/\"},\"sameAs\":[\"https:\\\/\\\/www.facebook.com\\\/nimcobrands\",\"https:\\\/\\\/www.instagram.com\\\/nimco_brands_liqueurs\\\/\"]}]}<\/script>\n<!-- \/ Yoast SEO plugin. -->","yoast_head_json":{"title":"MORETTO BOROVNICKA - Nimco","robots":{"index":"index","follow":"follow","max-snippet":"max-snippet:-1","max-image-preview":"max-image-preview:large","max-video-preview":"max-video-preview:-1"},"canonical":"https:\/\/www.nimco.hr\/en\/proizvod\/moretto-borovnicka\/","og_locale":"en_US","og_type":"article","og_title":"MORETTO BOROVNICKA - Nimco","og_description":"\u2705 Full aroma of fresh blueberries \u2705 Ideal balance of flavors \u2705 Perfect chilled or in cocktails  The popularity of blueberry liqueur has remained strong for years. In fact, it is enjoyed both in summer and winter, and although mostly preferred by women, men occasionally cannot resist it either. Moretto Borovni\u010dka is instantly recognizable by its perfect color that reflects like amethyst and by real blueberries.","og_url":"https:\/\/www.nimco.hr\/en\/proizvod\/moretto-borovnicka\/","og_site_name":"Nimco","article_publisher":"https:\/\/www.facebook.com\/nimcobrands","article_modified_time":"2025-12-01T07:46:50+00:00","og_image":[{"width":1200,"height":1200,"url":"https:\/\/www.nimco.hr\/wp-content\/uploads\/2025\/09\/NIMCO-Moretto-Borovnicka-casa.jpg","type":"image\/jpeg"}],"twitter_card":"summary_large_image","twitter_misc":{"Est. reading time":"2 minutes"},"schema":{"@context":"https:\/\/schema.org","@graph":[{"@type":"WebPage","@id":"https:\/\/www.nimco.hr\/en\/proizvod\/moretto-borovnicka\/","url":"https:\/\/www.nimco.hr\/en\/proizvod\/moretto-borovnicka\/","name":"MORETTO BOROVNICKA - Nimco","isPartOf":{"@id":"https:\/\/www.nimco.hr\/#website"},"primaryImageOfPage":{"@id":"https:\/\/www.nimco.hr\/en\/proizvod\/moretto-borovnicka\/#primaryimage"},"image":{"@id":"https:\/\/www.nimco.hr\/en\/proizvod\/moretto-borovnicka\/#primaryimage"},"thumbnailUrl":"https:\/\/www.nimco.hr\/wp-content\/uploads\/2025\/09\/NIMCO-Moretto-Borovnicka-casa.jpg","datePublished":"2025-09-08T07:54:54+00:00","dateModified":"2025-12-01T07:46:50+00:00","breadcrumb":{"@id":"https:\/\/www.nimco.hr\/en\/proizvod\/moretto-borovnicka\/#breadcrumb"},"inLanguage":"en-US","potentialAction":[{"@type":"ReadAction","target":["https:\/\/www.nimco.hr\/en\/proizvod\/moretto-borovnicka\/"]}]},{"@type":"ImageObject","inLanguage":"en-US","@id":"https:\/\/www.nimco.hr\/en\/proizvod\/moretto-borovnicka\/#primaryimage","url":"https:\/\/www.nimco.hr\/wp-content\/uploads\/2025\/09\/NIMCO-Moretto-Borovnicka-casa.jpg","contentUrl":"https:\/\/www.nimco.hr\/wp-content\/uploads\/2025\/09\/NIMCO-Moretto-Borovnicka-casa.jpg","width":1200,"height":1200},{"@type":"BreadcrumbList","@id":"https:\/\/www.nimco.hr\/en\/proizvod\/moretto-borovnicka\/#breadcrumb","itemListElement":[{"@type":"ListItem","position":1,"name":"Po\u010detna stranica","item":"https:\/\/www.nimco.hr\/en\/"},{"@type":"ListItem","position":2,"name":"Shop","item":"https:\/\/www.nimco.hr\/shop\/"},{"@type":"ListItem","position":3,"name":"MORETTO BOROVNICKA"}]},{"@type":"WebSite","@id":"https:\/\/www.nimco.hr\/#website","url":"https:\/\/www.nimco.hr\/","name":"Nimco","description":"Hrvatski proizvo\u0111a\u010d jakih alkoholnih pi\u0107a","publisher":{"@id":"https:\/\/www.nimco.hr\/#organization"},"potentialAction":[{"@type":"SearchAction","target":{"@type":"EntryPoint","urlTemplate":"https:\/\/www.nimco.hr\/?s={search_term_string}"},"query-input":{"@type":"PropertyValueSpecification","valueRequired":true,"valueName":"search_term_string"}}],"inLanguage":"en-US"},{"@type":"Organization","@id":"https:\/\/www.nimco.hr\/#organization","name":"Nimco","url":"https:\/\/www.nimco.hr\/","logo":{"@type":"ImageObject","inLanguage":"en-US","@id":"https:\/\/www.nimco.hr\/#\/schema\/logo\/image\/","url":"https:\/\/www.nimco.hr\/wp-content\/uploads\/2025\/09\/Nimco_oker_logo.svg","contentUrl":"https:\/\/www.nimco.hr\/wp-content\/uploads\/2025\/09\/Nimco_oker_logo.svg","width":100,"height":100,"caption":"Nimco"},"image":{"@id":"https:\/\/www.nimco.hr\/#\/schema\/logo\/image\/"},"sameAs":["https:\/\/www.facebook.com\/nimcobrands","https:\/\/www.instagram.com\/nimco_brands_liqueurs\/"]}]}},"_links":{"self":[{"href":"https:\/\/www.nimco.hr\/en\/wp-json\/wp\/v2\/product\/2456","targetHints":{"allow":["GET"]}}],"collection":[{"href":"https:\/\/www.nimco.hr\/en\/wp-json\/wp\/v2\/product"}],"about":[{"href":"https:\/\/www.nimco.hr\/en\/wp-json\/wp\/v2\/types\/product"}],"wp:featuredmedia":[{"embeddable":true,"href":"https:\/\/www.nimco.hr\/en\/wp-json\/wp\/v2\/media\/2452"}],"wp:attachment":[{"href":"https:\/\/www.nimco.hr\/en\/wp-json\/wp\/v2\/media?parent=2456"}],"wp:term":[{"taxonomy":"product_brand","embeddable":true,"href":"https:\/\/www.nimco.hr\/en\/wp-json\/wp\/v2\/product_brand?post=2456"},{"taxonomy":"product_cat","embeddable":true,"href":"https:\/\/www.nimco.hr\/en\/wp-json\/wp\/v2\/product_cat?post=2456"},{"taxonomy":"product_tag","embeddable":true,"href":"https:\/\/www.nimco.hr\/en\/wp-json\/wp\/v2\/product_tag?post=2456"}],"curies":[{"name":"wp","href":"https:\/\/api.w.org\/{rel}","templated":true}]}}