{"id":2465,"date":"2025-09-08T07:54:54","date_gmt":"2025-09-08T07:54:54","guid":{"rendered":"https:\/\/www.nimco.hr\/proizvod\/2465\/"},"modified":"2025-09-30T07:12:58","modified_gmt":"2025-09-30T07:12:58","slug":"2465","status":"publish","type":"product","link":"https:\/\/www.nimco.hr\/en\/proizvod\/2465\/","title":{"rendered":""},"content":{"rendered":"<h2>MORETTO FINE DISTILLATE TASTING GLASS<\/h2>\n<p>Moretto glass has the shape of a\u00a0<a href=\"https:\/\/en.wikipedia.org\/wiki\/Tulip\" target=\"_blank\" rel=\"noopener\">tulip flower<\/a>, and the reason for this lies in the way our nose perceives odors and how these aromas become part of the overall profile of the distillate we feel in our mouths. Fine distillates like brandy, brandy or liqueur will always smell finer from a tulip-shaped glass.<\/p>\n<div id=\"tw-target-text-container\" class=\"tw-ta-container hide-focus-ring tw-nfl\">\n<p class=\"tw-data-text tw-text-large XcVN5d tw-ta\" dir=\"ltr\" data-placeholder=\"Translation\"><span class=\"Y2IQFc\" lang=\"en\">Its exact shape, in turn, represents a compromise between 2 factors. These are the size of the abdomen and the size of the opening of the cup. The larger the belly of the beaker, the larger the area of \u200b\u200bdistillate that is vented. The smell becomes more intense, the aromas of the fruit grow, but so does the alcohol vapor.<\/span><\/p>\n<p class=\"tw-data-text tw-text-large XcVN5d tw-ta\" dir=\"ltr\" data-placeholder=\"Translation\"><span class=\"Y2IQFc\" lang=\"en\">The diameter of the opening of the glass determines how much dissolved aromas and alcohol vapors can be immediately lifted into the nose. If the opening is narrower, we will feel less alcohol vapor, but also less fruit aroma. With a larger opening, you will feel more subtle shades of distillate. Those will be the ones that the dominant alcohol has pushed against the very wall of the glass.<\/span><\/p>\n<p class=\"tw-data-text tw-text-large XcVN5d tw-ta\" dir=\"ltr\" data-placeholder=\"Translation\">The base of the glass is engraved with Moretto logo.<br \/>\n<span class=\"Y2IQFc\" lang=\"en\">This glass may be washed in the dishwasher.<\/span><\/p>\n<\/div>\n","protected":false},"excerpt":{"rendered":"<p><strong>\u2705 Shape that directs aromas straight to the palate<\/strong><br \/>\n<strong>\u2705 Perfect accessory for brandy and spirit lovers<\/strong><br \/>\n<strong>\u2705 Solid, elegant, and durable<\/strong><\/p>\n<p>The fine distillate glass is recommended for tasting Moretto liqueurs, Brioni Collection aged brandy, as well as premium fruit brandy Purist. The stem of the glass features an engraving of the Moretto logo.<\/p>\n","protected":false},"featured_media":2460,"template":"","meta":{"_acf_changed":false},"product_brand":[],"product_cat":[236,77],"product_tag":[166,78,79,211,35,188],"class_list":{"0":"post-2465","1":"product","2":"type-product","3":"status-publish","4":"has-post-thumbnail","6":"product_cat-accessories","7":"product_cat-dodaci","8":"product_tag-accessories-2","9":"product_tag-case","10":"product_tag-dodatna-oprema","11":"product_tag-glass-2","12":"product_tag-moretto","15":"first","16":"outofstock","17":"taxable","18":"shipping-taxable","19":"purchasable","20":"product-type-variable"},"acf":[],"yoast_head":"<!-- This site is optimized with the Yoast SEO plugin v27.3 - https:\/\/yoast.com\/product\/yoast-seo-wordpress\/ -->\n<title>- Nimco<\/title>\n<meta name=\"robots\" content=\"index, follow, max-snippet:-1, max-image-preview:large, max-video-preview:-1\" \/>\n<link rel=\"canonical\" href=\"https:\/\/www.nimco.hr\/en\/proizvod\/2465\/\" \/>\n<meta property=\"og:locale\" content=\"en_US\" \/>\n<meta property=\"og:type\" content=\"article\" \/>\n<meta property=\"og:title\" content=\"- Nimco\" \/>\n<meta property=\"og:description\" content=\"\u2705 Shape that directs aromas straight to the palate \u2705 Perfect accessory for brandy and spirit lovers \u2705 Solid, elegant, and durable  The fine distillate glass is recommended for tasting Moretto liqueurs, Brioni Collection aged brandy, as well as premium fruit brandy Purist. The stem of the glass features an engraving of the Moretto logo.\" \/>\n<meta property=\"og:url\" content=\"https:\/\/www.nimco.hr\/en\/proizvod\/2465\/\" \/>\n<meta property=\"og:site_name\" content=\"Nimco\" \/>\n<meta property=\"article:publisher\" content=\"https:\/\/www.facebook.com\/nimcobrands\" \/>\n<meta property=\"article:modified_time\" content=\"2025-09-30T07:12:58+00:00\" \/>\n<meta property=\"og:image\" content=\"https:\/\/www.nimco.hr\/wp-content\/uploads\/2025\/09\/NIMCO-Moretto-casa-za-fine-destilate.jpg\" \/>\n\t<meta property=\"og:image:width\" content=\"1200\" \/>\n\t<meta property=\"og:image:height\" content=\"1200\" \/>\n\t<meta property=\"og:image:type\" content=\"image\/jpeg\" \/>\n<meta name=\"twitter:card\" content=\"summary_large_image\" \/>\n<meta name=\"twitter:label1\" content=\"Est. reading time\" \/>\n\t<meta name=\"twitter:data1\" content=\"1 minute\" \/>\n<script type=\"application\/ld+json\" class=\"yoast-schema-graph\">{\"@context\":\"https:\\\/\\\/schema.org\",\"@graph\":[{\"@type\":\"WebPage\",\"@id\":\"https:\\\/\\\/www.nimco.hr\\\/en\\\/proizvod\\\/2465\\\/\",\"url\":\"https:\\\/\\\/www.nimco.hr\\\/en\\\/proizvod\\\/2465\\\/\",\"name\":\"- Nimco\",\"isPartOf\":{\"@id\":\"https:\\\/\\\/www.nimco.hr\\\/#website\"},\"primaryImageOfPage\":{\"@id\":\"https:\\\/\\\/www.nimco.hr\\\/en\\\/proizvod\\\/2465\\\/#primaryimage\"},\"image\":{\"@id\":\"https:\\\/\\\/www.nimco.hr\\\/en\\\/proizvod\\\/2465\\\/#primaryimage\"},\"thumbnailUrl\":\"https:\\\/\\\/www.nimco.hr\\\/wp-content\\\/uploads\\\/2025\\\/09\\\/NIMCO-Moretto-casa-za-fine-destilate.jpg\",\"datePublished\":\"2025-09-08T07:54:54+00:00\",\"dateModified\":\"2025-09-30T07:12:58+00:00\",\"breadcrumb\":{\"@id\":\"https:\\\/\\\/www.nimco.hr\\\/en\\\/proizvod\\\/2465\\\/#breadcrumb\"},\"inLanguage\":\"en-US\",\"potentialAction\":[{\"@type\":\"ReadAction\",\"target\":[\"https:\\\/\\\/www.nimco.hr\\\/en\\\/proizvod\\\/2465\\\/\"]}]},{\"@type\":\"ImageObject\",\"inLanguage\":\"en-US\",\"@id\":\"https:\\\/\\\/www.nimco.hr\\\/en\\\/proizvod\\\/2465\\\/#primaryimage\",\"url\":\"https:\\\/\\\/www.nimco.hr\\\/wp-content\\\/uploads\\\/2025\\\/09\\\/NIMCO-Moretto-casa-za-fine-destilate.jpg\",\"contentUrl\":\"https:\\\/\\\/www.nimco.hr\\\/wp-content\\\/uploads\\\/2025\\\/09\\\/NIMCO-Moretto-casa-za-fine-destilate.jpg\",\"width\":1200,\"height\":1200},{\"@type\":\"BreadcrumbList\",\"@id\":\"https:\\\/\\\/www.nimco.hr\\\/en\\\/proizvod\\\/2465\\\/#breadcrumb\",\"itemListElement\":[{\"@type\":\"ListItem\",\"position\":1,\"name\":\"Po\u010detna stranica\",\"item\":\"https:\\\/\\\/www.nimco.hr\\\/en\\\/\"},{\"@type\":\"ListItem\",\"position\":2,\"name\":\"Shop\",\"item\":\"https:\\\/\\\/www.nimco.hr\\\/shop\\\/\"}]},{\"@type\":\"WebSite\",\"@id\":\"https:\\\/\\\/www.nimco.hr\\\/#website\",\"url\":\"https:\\\/\\\/www.nimco.hr\\\/\",\"name\":\"Nimco\",\"description\":\"Hrvatski proizvo\u0111a\u010d jakih alkoholnih pi\u0107a\",\"publisher\":{\"@id\":\"https:\\\/\\\/www.nimco.hr\\\/#organization\"},\"potentialAction\":[{\"@type\":\"SearchAction\",\"target\":{\"@type\":\"EntryPoint\",\"urlTemplate\":\"https:\\\/\\\/www.nimco.hr\\\/?s={search_term_string}\"},\"query-input\":{\"@type\":\"PropertyValueSpecification\",\"valueRequired\":true,\"valueName\":\"search_term_string\"}}],\"inLanguage\":\"en-US\"},{\"@type\":\"Organization\",\"@id\":\"https:\\\/\\\/www.nimco.hr\\\/#organization\",\"name\":\"Nimco\",\"url\":\"https:\\\/\\\/www.nimco.hr\\\/\",\"logo\":{\"@type\":\"ImageObject\",\"inLanguage\":\"en-US\",\"@id\":\"https:\\\/\\\/www.nimco.hr\\\/#\\\/schema\\\/logo\\\/image\\\/\",\"url\":\"https:\\\/\\\/www.nimco.hr\\\/wp-content\\\/uploads\\\/2025\\\/09\\\/Nimco_oker_logo.svg\",\"contentUrl\":\"https:\\\/\\\/www.nimco.hr\\\/wp-content\\\/uploads\\\/2025\\\/09\\\/Nimco_oker_logo.svg\",\"width\":100,\"height\":100,\"caption\":\"Nimco\"},\"image\":{\"@id\":\"https:\\\/\\\/www.nimco.hr\\\/#\\\/schema\\\/logo\\\/image\\\/\"},\"sameAs\":[\"https:\\\/\\\/www.facebook.com\\\/nimcobrands\",\"https:\\\/\\\/www.instagram.com\\\/nimco_brands_liqueurs\\\/\"]}]}<\/script>\n<!-- \/ Yoast SEO plugin. -->","yoast_head_json":{"title":"- Nimco","robots":{"index":"index","follow":"follow","max-snippet":"max-snippet:-1","max-image-preview":"max-image-preview:large","max-video-preview":"max-video-preview:-1"},"canonical":"https:\/\/www.nimco.hr\/en\/proizvod\/2465\/","og_locale":"en_US","og_type":"article","og_title":"- Nimco","og_description":"\u2705 Shape that directs aromas straight to the palate \u2705 Perfect accessory for brandy and spirit lovers \u2705 Solid, elegant, and durable  The fine distillate glass is recommended for tasting Moretto liqueurs, Brioni Collection aged brandy, as well as premium fruit brandy Purist. The stem of the glass features an engraving of the Moretto logo.","og_url":"https:\/\/www.nimco.hr\/en\/proizvod\/2465\/","og_site_name":"Nimco","article_publisher":"https:\/\/www.facebook.com\/nimcobrands","article_modified_time":"2025-09-30T07:12:58+00:00","og_image":[{"width":1200,"height":1200,"url":"https:\/\/www.nimco.hr\/wp-content\/uploads\/2025\/09\/NIMCO-Moretto-casa-za-fine-destilate.jpg","type":"image\/jpeg"}],"twitter_card":"summary_large_image","twitter_misc":{"Est. reading time":"1 minute"},"schema":{"@context":"https:\/\/schema.org","@graph":[{"@type":"WebPage","@id":"https:\/\/www.nimco.hr\/en\/proizvod\/2465\/","url":"https:\/\/www.nimco.hr\/en\/proizvod\/2465\/","name":"- Nimco","isPartOf":{"@id":"https:\/\/www.nimco.hr\/#website"},"primaryImageOfPage":{"@id":"https:\/\/www.nimco.hr\/en\/proizvod\/2465\/#primaryimage"},"image":{"@id":"https:\/\/www.nimco.hr\/en\/proizvod\/2465\/#primaryimage"},"thumbnailUrl":"https:\/\/www.nimco.hr\/wp-content\/uploads\/2025\/09\/NIMCO-Moretto-casa-za-fine-destilate.jpg","datePublished":"2025-09-08T07:54:54+00:00","dateModified":"2025-09-30T07:12:58+00:00","breadcrumb":{"@id":"https:\/\/www.nimco.hr\/en\/proizvod\/2465\/#breadcrumb"},"inLanguage":"en-US","potentialAction":[{"@type":"ReadAction","target":["https:\/\/www.nimco.hr\/en\/proizvod\/2465\/"]}]},{"@type":"ImageObject","inLanguage":"en-US","@id":"https:\/\/www.nimco.hr\/en\/proizvod\/2465\/#primaryimage","url":"https:\/\/www.nimco.hr\/wp-content\/uploads\/2025\/09\/NIMCO-Moretto-casa-za-fine-destilate.jpg","contentUrl":"https:\/\/www.nimco.hr\/wp-content\/uploads\/2025\/09\/NIMCO-Moretto-casa-za-fine-destilate.jpg","width":1200,"height":1200},{"@type":"BreadcrumbList","@id":"https:\/\/www.nimco.hr\/en\/proizvod\/2465\/#breadcrumb","itemListElement":[{"@type":"ListItem","position":1,"name":"Po\u010detna stranica","item":"https:\/\/www.nimco.hr\/en\/"},{"@type":"ListItem","position":2,"name":"Shop","item":"https:\/\/www.nimco.hr\/shop\/"}]},{"@type":"WebSite","@id":"https:\/\/www.nimco.hr\/#website","url":"https:\/\/www.nimco.hr\/","name":"Nimco","description":"Hrvatski proizvo\u0111a\u010d jakih alkoholnih pi\u0107a","publisher":{"@id":"https:\/\/www.nimco.hr\/#organization"},"potentialAction":[{"@type":"SearchAction","target":{"@type":"EntryPoint","urlTemplate":"https:\/\/www.nimco.hr\/?s={search_term_string}"},"query-input":{"@type":"PropertyValueSpecification","valueRequired":true,"valueName":"search_term_string"}}],"inLanguage":"en-US"},{"@type":"Organization","@id":"https:\/\/www.nimco.hr\/#organization","name":"Nimco","url":"https:\/\/www.nimco.hr\/","logo":{"@type":"ImageObject","inLanguage":"en-US","@id":"https:\/\/www.nimco.hr\/#\/schema\/logo\/image\/","url":"https:\/\/www.nimco.hr\/wp-content\/uploads\/2025\/09\/Nimco_oker_logo.svg","contentUrl":"https:\/\/www.nimco.hr\/wp-content\/uploads\/2025\/09\/Nimco_oker_logo.svg","width":100,"height":100,"caption":"Nimco"},"image":{"@id":"https:\/\/www.nimco.hr\/#\/schema\/logo\/image\/"},"sameAs":["https:\/\/www.facebook.com\/nimcobrands","https:\/\/www.instagram.com\/nimco_brands_liqueurs\/"]}]}},"_links":{"self":[{"href":"https:\/\/www.nimco.hr\/en\/wp-json\/wp\/v2\/product\/2465","targetHints":{"allow":["GET"]}}],"collection":[{"href":"https:\/\/www.nimco.hr\/en\/wp-json\/wp\/v2\/product"}],"about":[{"href":"https:\/\/www.nimco.hr\/en\/wp-json\/wp\/v2\/types\/product"}],"wp:featuredmedia":[{"embeddable":true,"href":"https:\/\/www.nimco.hr\/en\/wp-json\/wp\/v2\/media\/2460"}],"wp:attachment":[{"href":"https:\/\/www.nimco.hr\/en\/wp-json\/wp\/v2\/media?parent=2465"}],"wp:term":[{"taxonomy":"product_brand","embeddable":true,"href":"https:\/\/www.nimco.hr\/en\/wp-json\/wp\/v2\/product_brand?post=2465"},{"taxonomy":"product_cat","embeddable":true,"href":"https:\/\/www.nimco.hr\/en\/wp-json\/wp\/v2\/product_cat?post=2465"},{"taxonomy":"product_tag","embeddable":true,"href":"https:\/\/www.nimco.hr\/en\/wp-json\/wp\/v2\/product_tag?post=2465"}],"curies":[{"name":"wp","href":"https:\/\/api.w.org\/{rel}","templated":true}]}}