{"id":2495,"date":"2025-09-08T07:54:54","date_gmt":"2025-09-08T07:54:54","guid":{"rendered":"https:\/\/www.nimco.hr\/proizvod\/blacky\/"},"modified":"2025-09-30T07:13:55","modified_gmt":"2025-09-30T07:13:55","slug":"blacky","status":"publish","type":"product","link":"https:\/\/www.nimco.hr\/en\/proizvod\/blacky\/","title":{"rendered":"BLACKY"},"content":{"rendered":"<h2><strong>A HARMONIOUS PAIR<\/strong><\/h2>\n<p>The mysterious appearance and rich flavor give this drink a power recognized for years by both men and women. Although fruit vodkas are most often enjoyed by their \u2018better halves,\u2019 Blacky is the first choice even when men want to casually showcase their strength. This garnet-red liqueur will surprise you with its refreshing notes.<\/p>\n<h2><strong>ONE BLACKY, PLEASE!<\/strong><\/h2>\n<p>Blacky is enjoyed chilled or in an ice-filled cocktail glass, and can also be used in cocktail preparation. However, your experiences have taught us there are other ways to enjoy it-from simple long drinks with fizzy beverages like Sprite or Cola to use in desserts. One such recipe impressed us so much that we decided to share it with you. The\u00a0<a href=\"https:\/\/www.coolinarika.com\/recept\/promilka-88ddf618-63fd-11eb-832c-0242ac12005a\" target=\"_blank\" rel=\"noopener\">Promilka<\/a>\u00a0makes a great visual impression, is easy to prepare, and is exceptionally tasty.<\/p>\n<h2><strong>20 YEARS OF LEADERSHIP<\/strong><\/h2>\n<p>Since its market debut, Blacky reached the status of Croatia\u2019s best-selling fruit vodka within just five years and has maintained that position ever since. Thanks to all generations who have recognized a quality, authentic Croatian product that you have enjoyed for 20 years. Your trust commits us to unquestionable quality in every product we create.<\/p>\n<h2>THOUSANDS OF PARTIES<\/h2>\n<p>Do you nostalgically remember the times when every weekend seemed like a Blacky or\u00a0<a href=\"https:\/\/www.nimco.hr\/en\/product\/dalmatino-white-limoncello-en\/\" target=\"_blank\" rel=\"noopener\">Dalmatino<\/a>\u00a0party? We have organized thousands of promotions throughout Croatia, and at every one, we had a great time with you in our black-and-white world.<\/p>\n","protected":false},"excerpt":{"rendered":"<p><strong>\u2705 Unique blend of vodka and forest fruits<br \/>\n\u2705 Attractive dark color<br \/>\n\u2705 Perfect for cocktails or sipping neat<\/strong><\/p>\n<p>A fragrant fusion of vodka and forest fruit aromas \u2013 blueberries, blackberries, black currants, and wild strawberries \u2013 which give it a mystical, dark hue. The taste retains the dominant strength of vodka, but the forest fruits add a relaxed note, making Blacky ideal for easy sipping on warm evenings.<\/p>\n","protected":false},"featured_media":2489,"template":"","meta":{"_acf_changed":false},"product_brand":[],"product_cat":[237,16],"product_tag":[17,146,18,156,19,182,20,200],"class_list":{"0":"post-2495","1":"product","2":"type-product","3":"status-publish","4":"has-post-thumbnail","6":"product_cat-products","7":"product_cat-proizvodi","8":"product_tag-700-ml","10":"product_tag-blacky","12":"product_tag-liker","14":"product_tag-slatki-liker","15":"product_tag-sweet-liqueur","17":"first","18":"instock","19":"taxable","20":"shipping-taxable","21":"purchasable","22":"product-type-simple"},"acf":[],"yoast_head":"<!-- This site is optimized with the Yoast SEO plugin v27.3 - https:\/\/yoast.com\/product\/yoast-seo-wordpress\/ -->\n<title>BLACKY - Nimco<\/title>\n<meta name=\"robots\" content=\"index, follow, max-snippet:-1, max-image-preview:large, max-video-preview:-1\" \/>\n<link rel=\"canonical\" href=\"https:\/\/www.nimco.hr\/en\/proizvod\/blacky\/\" \/>\n<meta property=\"og:locale\" content=\"en_US\" \/>\n<meta property=\"og:type\" content=\"article\" \/>\n<meta property=\"og:title\" content=\"BLACKY - Nimco\" \/>\n<meta property=\"og:description\" content=\"\u2705 Unique blend of vodka and forest fruits \u2705 Attractive dark color \u2705 Perfect for cocktails or sipping neat  A fragrant fusion of vodka and forest fruit aromas \u2013 blueberries, blackberries, black currants, and wild strawberries \u2013 which give it a mystical, dark hue. The taste retains the dominant strength of vodka, but the forest fruits add a relaxed note, making Blacky ideal for easy sipping on warm evenings.\" \/>\n<meta property=\"og:url\" content=\"https:\/\/www.nimco.hr\/en\/proizvod\/blacky\/\" \/>\n<meta property=\"og:site_name\" content=\"Nimco\" \/>\n<meta property=\"article:publisher\" content=\"https:\/\/www.facebook.com\/nimcobrands\" \/>\n<meta property=\"article:modified_time\" content=\"2025-09-30T07:13:55+00:00\" \/>\n<meta property=\"og:image\" content=\"https:\/\/www.nimco.hr\/wp-content\/uploads\/2025\/09\/NIMCO-Blacky-shot.jpg\" \/>\n\t<meta property=\"og:image:width\" content=\"1200\" \/>\n\t<meta property=\"og:image:height\" content=\"1200\" \/>\n\t<meta property=\"og:image:type\" content=\"image\/jpeg\" \/>\n<meta name=\"twitter:card\" content=\"summary_large_image\" \/>\n<meta name=\"twitter:label1\" content=\"Est. reading time\" \/>\n\t<meta name=\"twitter:data1\" content=\"1 minute\" \/>\n<script type=\"application\/ld+json\" class=\"yoast-schema-graph\">{\"@context\":\"https:\\\/\\\/schema.org\",\"@graph\":[{\"@type\":\"WebPage\",\"@id\":\"https:\\\/\\\/www.nimco.hr\\\/en\\\/proizvod\\\/blacky\\\/\",\"url\":\"https:\\\/\\\/www.nimco.hr\\\/en\\\/proizvod\\\/blacky\\\/\",\"name\":\"BLACKY - Nimco\",\"isPartOf\":{\"@id\":\"https:\\\/\\\/www.nimco.hr\\\/#website\"},\"primaryImageOfPage\":{\"@id\":\"https:\\\/\\\/www.nimco.hr\\\/en\\\/proizvod\\\/blacky\\\/#primaryimage\"},\"image\":{\"@id\":\"https:\\\/\\\/www.nimco.hr\\\/en\\\/proizvod\\\/blacky\\\/#primaryimage\"},\"thumbnailUrl\":\"https:\\\/\\\/www.nimco.hr\\\/wp-content\\\/uploads\\\/2025\\\/09\\\/NIMCO-Blacky-shot.jpg\",\"datePublished\":\"2025-09-08T07:54:54+00:00\",\"dateModified\":\"2025-09-30T07:13:55+00:00\",\"breadcrumb\":{\"@id\":\"https:\\\/\\\/www.nimco.hr\\\/en\\\/proizvod\\\/blacky\\\/#breadcrumb\"},\"inLanguage\":\"en-US\",\"potentialAction\":[{\"@type\":\"ReadAction\",\"target\":[\"https:\\\/\\\/www.nimco.hr\\\/en\\\/proizvod\\\/blacky\\\/\"]}]},{\"@type\":\"ImageObject\",\"inLanguage\":\"en-US\",\"@id\":\"https:\\\/\\\/www.nimco.hr\\\/en\\\/proizvod\\\/blacky\\\/#primaryimage\",\"url\":\"https:\\\/\\\/www.nimco.hr\\\/wp-content\\\/uploads\\\/2025\\\/09\\\/NIMCO-Blacky-shot.jpg\",\"contentUrl\":\"https:\\\/\\\/www.nimco.hr\\\/wp-content\\\/uploads\\\/2025\\\/09\\\/NIMCO-Blacky-shot.jpg\",\"width\":1200,\"height\":1200},{\"@type\":\"BreadcrumbList\",\"@id\":\"https:\\\/\\\/www.nimco.hr\\\/en\\\/proizvod\\\/blacky\\\/#breadcrumb\",\"itemListElement\":[{\"@type\":\"ListItem\",\"position\":1,\"name\":\"Po\u010detna stranica\",\"item\":\"https:\\\/\\\/www.nimco.hr\\\/en\\\/\"},{\"@type\":\"ListItem\",\"position\":2,\"name\":\"Shop\",\"item\":\"https:\\\/\\\/www.nimco.hr\\\/shop\\\/\"},{\"@type\":\"ListItem\",\"position\":3,\"name\":\"BLACKY\"}]},{\"@type\":\"WebSite\",\"@id\":\"https:\\\/\\\/www.nimco.hr\\\/#website\",\"url\":\"https:\\\/\\\/www.nimco.hr\\\/\",\"name\":\"Nimco\",\"description\":\"Hrvatski proizvo\u0111a\u010d jakih alkoholnih pi\u0107a\",\"publisher\":{\"@id\":\"https:\\\/\\\/www.nimco.hr\\\/#organization\"},\"potentialAction\":[{\"@type\":\"SearchAction\",\"target\":{\"@type\":\"EntryPoint\",\"urlTemplate\":\"https:\\\/\\\/www.nimco.hr\\\/?s={search_term_string}\"},\"query-input\":{\"@type\":\"PropertyValueSpecification\",\"valueRequired\":true,\"valueName\":\"search_term_string\"}}],\"inLanguage\":\"en-US\"},{\"@type\":\"Organization\",\"@id\":\"https:\\\/\\\/www.nimco.hr\\\/#organization\",\"name\":\"Nimco\",\"url\":\"https:\\\/\\\/www.nimco.hr\\\/\",\"logo\":{\"@type\":\"ImageObject\",\"inLanguage\":\"en-US\",\"@id\":\"https:\\\/\\\/www.nimco.hr\\\/#\\\/schema\\\/logo\\\/image\\\/\",\"url\":\"https:\\\/\\\/www.nimco.hr\\\/wp-content\\\/uploads\\\/2025\\\/09\\\/Nimco_oker_logo.svg\",\"contentUrl\":\"https:\\\/\\\/www.nimco.hr\\\/wp-content\\\/uploads\\\/2025\\\/09\\\/Nimco_oker_logo.svg\",\"width\":100,\"height\":100,\"caption\":\"Nimco\"},\"image\":{\"@id\":\"https:\\\/\\\/www.nimco.hr\\\/#\\\/schema\\\/logo\\\/image\\\/\"},\"sameAs\":[\"https:\\\/\\\/www.facebook.com\\\/nimcobrands\",\"https:\\\/\\\/www.instagram.com\\\/nimco_brands_liqueurs\\\/\"]}]}<\/script>\n<!-- \/ Yoast SEO plugin. -->","yoast_head_json":{"title":"BLACKY - Nimco","robots":{"index":"index","follow":"follow","max-snippet":"max-snippet:-1","max-image-preview":"max-image-preview:large","max-video-preview":"max-video-preview:-1"},"canonical":"https:\/\/www.nimco.hr\/en\/proizvod\/blacky\/","og_locale":"en_US","og_type":"article","og_title":"BLACKY - Nimco","og_description":"\u2705 Unique blend of vodka and forest fruits \u2705 Attractive dark color \u2705 Perfect for cocktails or sipping neat  A fragrant fusion of vodka and forest fruit aromas \u2013 blueberries, blackberries, black currants, and wild strawberries \u2013 which give it a mystical, dark hue. The taste retains the dominant strength of vodka, but the forest fruits add a relaxed note, making Blacky ideal for easy sipping on warm evenings.","og_url":"https:\/\/www.nimco.hr\/en\/proizvod\/blacky\/","og_site_name":"Nimco","article_publisher":"https:\/\/www.facebook.com\/nimcobrands","article_modified_time":"2025-09-30T07:13:55+00:00","og_image":[{"width":1200,"height":1200,"url":"https:\/\/www.nimco.hr\/wp-content\/uploads\/2025\/09\/NIMCO-Blacky-shot.jpg","type":"image\/jpeg"}],"twitter_card":"summary_large_image","twitter_misc":{"Est. reading time":"1 minute"},"schema":{"@context":"https:\/\/schema.org","@graph":[{"@type":"WebPage","@id":"https:\/\/www.nimco.hr\/en\/proizvod\/blacky\/","url":"https:\/\/www.nimco.hr\/en\/proizvod\/blacky\/","name":"BLACKY - Nimco","isPartOf":{"@id":"https:\/\/www.nimco.hr\/#website"},"primaryImageOfPage":{"@id":"https:\/\/www.nimco.hr\/en\/proizvod\/blacky\/#primaryimage"},"image":{"@id":"https:\/\/www.nimco.hr\/en\/proizvod\/blacky\/#primaryimage"},"thumbnailUrl":"https:\/\/www.nimco.hr\/wp-content\/uploads\/2025\/09\/NIMCO-Blacky-shot.jpg","datePublished":"2025-09-08T07:54:54+00:00","dateModified":"2025-09-30T07:13:55+00:00","breadcrumb":{"@id":"https:\/\/www.nimco.hr\/en\/proizvod\/blacky\/#breadcrumb"},"inLanguage":"en-US","potentialAction":[{"@type":"ReadAction","target":["https:\/\/www.nimco.hr\/en\/proizvod\/blacky\/"]}]},{"@type":"ImageObject","inLanguage":"en-US","@id":"https:\/\/www.nimco.hr\/en\/proizvod\/blacky\/#primaryimage","url":"https:\/\/www.nimco.hr\/wp-content\/uploads\/2025\/09\/NIMCO-Blacky-shot.jpg","contentUrl":"https:\/\/www.nimco.hr\/wp-content\/uploads\/2025\/09\/NIMCO-Blacky-shot.jpg","width":1200,"height":1200},{"@type":"BreadcrumbList","@id":"https:\/\/www.nimco.hr\/en\/proizvod\/blacky\/#breadcrumb","itemListElement":[{"@type":"ListItem","position":1,"name":"Po\u010detna stranica","item":"https:\/\/www.nimco.hr\/en\/"},{"@type":"ListItem","position":2,"name":"Shop","item":"https:\/\/www.nimco.hr\/shop\/"},{"@type":"ListItem","position":3,"name":"BLACKY"}]},{"@type":"WebSite","@id":"https:\/\/www.nimco.hr\/#website","url":"https:\/\/www.nimco.hr\/","name":"Nimco","description":"Hrvatski proizvo\u0111a\u010d jakih alkoholnih pi\u0107a","publisher":{"@id":"https:\/\/www.nimco.hr\/#organization"},"potentialAction":[{"@type":"SearchAction","target":{"@type":"EntryPoint","urlTemplate":"https:\/\/www.nimco.hr\/?s={search_term_string}"},"query-input":{"@type":"PropertyValueSpecification","valueRequired":true,"valueName":"search_term_string"}}],"inLanguage":"en-US"},{"@type":"Organization","@id":"https:\/\/www.nimco.hr\/#organization","name":"Nimco","url":"https:\/\/www.nimco.hr\/","logo":{"@type":"ImageObject","inLanguage":"en-US","@id":"https:\/\/www.nimco.hr\/#\/schema\/logo\/image\/","url":"https:\/\/www.nimco.hr\/wp-content\/uploads\/2025\/09\/Nimco_oker_logo.svg","contentUrl":"https:\/\/www.nimco.hr\/wp-content\/uploads\/2025\/09\/Nimco_oker_logo.svg","width":100,"height":100,"caption":"Nimco"},"image":{"@id":"https:\/\/www.nimco.hr\/#\/schema\/logo\/image\/"},"sameAs":["https:\/\/www.facebook.com\/nimcobrands","https:\/\/www.instagram.com\/nimco_brands_liqueurs\/"]}]}},"_links":{"self":[{"href":"https:\/\/www.nimco.hr\/en\/wp-json\/wp\/v2\/product\/2495","targetHints":{"allow":["GET"]}}],"collection":[{"href":"https:\/\/www.nimco.hr\/en\/wp-json\/wp\/v2\/product"}],"about":[{"href":"https:\/\/www.nimco.hr\/en\/wp-json\/wp\/v2\/types\/product"}],"wp:featuredmedia":[{"embeddable":true,"href":"https:\/\/www.nimco.hr\/en\/wp-json\/wp\/v2\/media\/2489"}],"wp:attachment":[{"href":"https:\/\/www.nimco.hr\/en\/wp-json\/wp\/v2\/media?parent=2495"}],"wp:term":[{"taxonomy":"product_brand","embeddable":true,"href":"https:\/\/www.nimco.hr\/en\/wp-json\/wp\/v2\/product_brand?post=2495"},{"taxonomy":"product_cat","embeddable":true,"href":"https:\/\/www.nimco.hr\/en\/wp-json\/wp\/v2\/product_cat?post=2495"},{"taxonomy":"product_tag","embeddable":true,"href":"https:\/\/www.nimco.hr\/en\/wp-json\/wp\/v2\/product_tag?post=2495"}],"curies":[{"name":"wp","href":"https:\/\/api.w.org\/{rel}","templated":true}]}}